{"id":1229,"date":"2021-03-24T17:17:13","date_gmt":"2021-03-24T21:17:13","guid":{"rendered":"https:\/\/gava.org\/?page_id=1229"},"modified":"2021-05-07T15:59:16","modified_gmt":"2021-05-07T19:59:16","slug":"covid-19-webinaire-experiences-mondiales","status":"publish","type":"page","link":"https:\/\/gava.org\/fr\/sva-covid-19\/covid-19-webinaire-experiences-mondiales\/","title":{"rendered":"COVID-19 Webinaire des exp\u00e9riences mondiales"},"content":{"rendered":"<h1 style=\"text-align: center;\">WEBINAIRE DU GAVA: Les exp\u00e9riences mondiales de mise en \u0153uvre de la suppl\u00e9mentation en vitamine A dans le contexte de la pand\u00e9mie de COVID-19<\/h1>\n<p style=\"text-align: center;\">24 F\u00c9VRIER 2021<\/p>\n<p style=\"text-align: center;\"><iframe loading=\"lazy\" title=\"WEBINAIRE: Exp\u00e9riences mondiales de mise en \u0153uvre de la SVA dans le contexte de la COVID-19\" width=\"500\" height=\"281\" src=\"https:\/\/www.youtube.com\/embed\/RwK5BoSZ4ew?feature=oembed\" frameborder=\"0\" allow=\"accelerometer; autoplay; clipboard-write; encrypted-media; gyroscope; picture-in-picture; web-share\" referrerpolicy=\"strict-origin-when-cross-origin\" allowfullscreen><\/iframe><\/p>\n<p><a href=\"https:\/\/gava.org\/content\/user_files\/2021\/03\/GAVA-COVID-19-Country-Experience-Webinar-FRE.pdf\">Cliquez ici<\/a> pour les diapositives PowerPoint pr\u00e9sent\u00e9es lors de la webinaire, et <a href=\"https:\/\/gava.org\/vas-covid-19\/webinar-covid19-country-experiences\">cliquez ici<\/a> pour \u00eatre redirig\u00e9 vers l\u2019enregistrement du webinaire en anglais.<\/p>\n","protected":false},"excerpt":{"rendered":"<p>WEBINAIRE DU GAVA: Les exp\u00e9riences mondiales de mise en \u0153uvre de la suppl\u00e9mentation en vitamine A dans le contexte de la pand\u00e9mie de COVID-19 24 F\u00c9VRIER 2021 Cliquez ici pour les diapositives PowerPoint pr\u00e9sent\u00e9es lors de la webinaire, et cliquez ici pour \u00eatre redirig\u00e9 vers l\u2019enregistrement du webinaire en anglais.<\/p>\n","protected":false},"author":4,"featured_media":0,"parent":866,"menu_order":0,"comment_status":"closed","ping_status":"closed","template":"","meta":{"footnotes":""},"class_list":["post-1229","page","type-page","status-publish","hentry"],"yoast_head":"<!-- This site is optimized with the Yoast SEO plugin v27.3 - https:\/\/yoast.com\/product\/yoast-seo-wordpress\/ -->\n<title>COVID-19 Webinaire des exp\u00e9riences mondiales - The Global Alliance for Vitamin A (GAVA)<\/title>\n<meta name=\"robots\" content=\"index, follow, max-snippet:-1, max-image-preview:large, max-video-preview:-1\" \/>\n<link rel=\"canonical\" href=\"https:\/\/gava.org\/fr\/sva-covid-19\/covid-19-webinaire-experiences-mondiales\/\" \/>\n<meta property=\"og:locale\" content=\"fr_FR\" \/>\n<meta property=\"og:type\" content=\"article\" \/>\n<meta property=\"og:title\" content=\"COVID-19 Webinaire des exp\u00e9riences mondiales - The Global Alliance for Vitamin A (GAVA)\" \/>\n<meta property=\"og:description\" content=\"WEBINAIRE DU GAVA: Les exp\u00e9riences mondiales de mise en \u0153uvre de la suppl\u00e9mentation en vitamine A dans le contexte de la pand\u00e9mie de COVID-19 24 F\u00c9VRIER 2021 Cliquez ici pour les diapositives PowerPoint pr\u00e9sent\u00e9es lors de la webinaire, et cliquez ici pour \u00eatre redirig\u00e9 vers l\u2019enregistrement du webinaire en anglais.\" \/>\n<meta property=\"og:url\" content=\"https:\/\/gava.org\/fr\/sva-covid-19\/covid-19-webinaire-experiences-mondiales\/\" \/>\n<meta property=\"og:site_name\" content=\"The Global Alliance for Vitamin A (GAVA)\" \/>\n<meta property=\"article:modified_time\" content=\"2021-05-07T19:59:16+00:00\" \/>\n<meta property=\"og:image\" content=\"https:\/\/gava.org\/content\/user_files\/2017\/03\/gava_logo.png\" \/>\n\t<meta property=\"og:image:width\" content=\"341\" \/>\n\t<meta property=\"og:image:height\" content=\"160\" \/>\n\t<meta property=\"og:image:type\" content=\"image\/png\" \/>\n<meta name=\"twitter:card\" content=\"summary_large_image\" \/>\n<meta name=\"twitter:label1\" content=\"Dur\u00e9e de lecture estim\u00e9e\" \/>\n\t<meta name=\"twitter:data1\" content=\"1 minute\" \/>\n<script type=\"application\/ld+json\" class=\"yoast-schema-graph\">{\"@context\":\"https:\\\/\\\/schema.org\",\"@graph\":[{\"@type\":\"WebPage\",\"@id\":\"https:\\\/\\\/gava.org\\\/fr\\\/sva-covid-19\\\/covid-19-webinaire-experiences-mondiales\\\/\",\"url\":\"https:\\\/\\\/gava.org\\\/fr\\\/sva-covid-19\\\/covid-19-webinaire-experiences-mondiales\\\/\",\"name\":\"COVID-19 Webinaire des exp\u00e9riences mondiales - The Global Alliance for Vitamin A (GAVA)\",\"isPartOf\":{\"@id\":\"https:\\\/\\\/gava.org\\\/#website\"},\"datePublished\":\"2021-03-24T21:17:13+00:00\",\"dateModified\":\"2021-05-07T19:59:16+00:00\",\"breadcrumb\":{\"@id\":\"https:\\\/\\\/gava.org\\\/fr\\\/sva-covid-19\\\/covid-19-webinaire-experiences-mondiales\\\/#breadcrumb\"},\"inLanguage\":\"fr-FR\",\"potentialAction\":[{\"@type\":\"ReadAction\",\"target\":[\"https:\\\/\\\/gava.org\\\/fr\\\/sva-covid-19\\\/covid-19-webinaire-experiences-mondiales\\\/\"]}]},{\"@type\":\"BreadcrumbList\",\"@id\":\"https:\\\/\\\/gava.org\\\/fr\\\/sva-covid-19\\\/covid-19-webinaire-experiences-mondiales\\\/#breadcrumb\",\"itemListElement\":[{\"@type\":\"ListItem\",\"position\":1,\"name\":\"Accueil\",\"item\":\"https:\\\/\\\/gava.org\\\/fr\\\/\"},{\"@type\":\"ListItem\",\"position\":2,\"name\":\"SVA &#038; COVID-19\",\"item\":\"https:\\\/\\\/gava.org\\\/fr\\\/sva-covid-19\\\/\"},{\"@type\":\"ListItem\",\"position\":3,\"name\":\"COVID-19 Webinaire des exp\u00e9riences mondiales\"}]},{\"@type\":\"WebSite\",\"@id\":\"https:\\\/\\\/gava.org\\\/#website\",\"url\":\"https:\\\/\\\/gava.org\\\/\",\"name\":\"The Global Alliance for Vitamin A (GAVA)\",\"description\":\"The Global Alliance for Vitamin A (GAVA)\",\"publisher\":{\"@id\":\"https:\\\/\\\/gava.org\\\/#organization\"},\"potentialAction\":[{\"@type\":\"SearchAction\",\"target\":{\"@type\":\"EntryPoint\",\"urlTemplate\":\"https:\\\/\\\/gava.org\\\/?s={search_term_string}\"},\"query-input\":{\"@type\":\"PropertyValueSpecification\",\"valueRequired\":true,\"valueName\":\"search_term_string\"}}],\"inLanguage\":\"fr-FR\"},{\"@type\":\"Organization\",\"@id\":\"https:\\\/\\\/gava.org\\\/#organization\",\"name\":\"GAVA\",\"url\":\"https:\\\/\\\/gava.org\\\/\",\"logo\":{\"@type\":\"ImageObject\",\"inLanguage\":\"fr-FR\",\"@id\":\"https:\\\/\\\/gava.org\\\/#\\\/schema\\\/logo\\\/image\\\/\",\"url\":\"https:\\\/\\\/gava.org\\\/content\\\/user_files\\\/2017\\\/03\\\/gava_logo.png\",\"contentUrl\":\"https:\\\/\\\/gava.org\\\/content\\\/user_files\\\/2017\\\/03\\\/gava_logo.png\",\"width\":341,\"height\":160,\"caption\":\"GAVA\"},\"image\":{\"@id\":\"https:\\\/\\\/gava.org\\\/#\\\/schema\\\/logo\\\/image\\\/\"}}]}<\/script>\n<!-- \/ Yoast SEO plugin. -->","yoast_head_json":{"title":"COVID-19 Webinaire des exp\u00e9riences mondiales - The Global Alliance for Vitamin A (GAVA)","robots":{"index":"index","follow":"follow","max-snippet":"max-snippet:-1","max-image-preview":"max-image-preview:large","max-video-preview":"max-video-preview:-1"},"canonical":"https:\/\/gava.org\/fr\/sva-covid-19\/covid-19-webinaire-experiences-mondiales\/","og_locale":"fr_FR","og_type":"article","og_title":"COVID-19 Webinaire des exp\u00e9riences mondiales - The Global Alliance for Vitamin A (GAVA)","og_description":"WEBINAIRE DU GAVA: Les exp\u00e9riences mondiales de mise en \u0153uvre de la suppl\u00e9mentation en vitamine A dans le contexte de la pand\u00e9mie de COVID-19 24 F\u00c9VRIER 2021 Cliquez ici pour les diapositives PowerPoint pr\u00e9sent\u00e9es lors de la webinaire, et cliquez ici pour \u00eatre redirig\u00e9 vers l\u2019enregistrement du webinaire en anglais.","og_url":"https:\/\/gava.org\/fr\/sva-covid-19\/covid-19-webinaire-experiences-mondiales\/","og_site_name":"The Global Alliance for Vitamin A (GAVA)","article_modified_time":"2021-05-07T19:59:16+00:00","og_image":[{"width":341,"height":160,"url":"https:\/\/gava.org\/content\/user_files\/2017\/03\/gava_logo.png","type":"image\/png"}],"twitter_card":"summary_large_image","twitter_misc":{"Dur\u00e9e de lecture estim\u00e9e":"1 minute"},"schema":{"@context":"https:\/\/schema.org","@graph":[{"@type":"WebPage","@id":"https:\/\/gava.org\/fr\/sva-covid-19\/covid-19-webinaire-experiences-mondiales\/","url":"https:\/\/gava.org\/fr\/sva-covid-19\/covid-19-webinaire-experiences-mondiales\/","name":"COVID-19 Webinaire des exp\u00e9riences mondiales - The Global Alliance for Vitamin A (GAVA)","isPartOf":{"@id":"https:\/\/gava.org\/#website"},"datePublished":"2021-03-24T21:17:13+00:00","dateModified":"2021-05-07T19:59:16+00:00","breadcrumb":{"@id":"https:\/\/gava.org\/fr\/sva-covid-19\/covid-19-webinaire-experiences-mondiales\/#breadcrumb"},"inLanguage":"fr-FR","potentialAction":[{"@type":"ReadAction","target":["https:\/\/gava.org\/fr\/sva-covid-19\/covid-19-webinaire-experiences-mondiales\/"]}]},{"@type":"BreadcrumbList","@id":"https:\/\/gava.org\/fr\/sva-covid-19\/covid-19-webinaire-experiences-mondiales\/#breadcrumb","itemListElement":[{"@type":"ListItem","position":1,"name":"Accueil","item":"https:\/\/gava.org\/fr\/"},{"@type":"ListItem","position":2,"name":"SVA &#038; COVID-19","item":"https:\/\/gava.org\/fr\/sva-covid-19\/"},{"@type":"ListItem","position":3,"name":"COVID-19 Webinaire des exp\u00e9riences mondiales"}]},{"@type":"WebSite","@id":"https:\/\/gava.org\/#website","url":"https:\/\/gava.org\/","name":"The Global Alliance for Vitamin A (GAVA)","description":"The Global Alliance for Vitamin A (GAVA)","publisher":{"@id":"https:\/\/gava.org\/#organization"},"potentialAction":[{"@type":"SearchAction","target":{"@type":"EntryPoint","urlTemplate":"https:\/\/gava.org\/?s={search_term_string}"},"query-input":{"@type":"PropertyValueSpecification","valueRequired":true,"valueName":"search_term_string"}}],"inLanguage":"fr-FR"},{"@type":"Organization","@id":"https:\/\/gava.org\/#organization","name":"GAVA","url":"https:\/\/gava.org\/","logo":{"@type":"ImageObject","inLanguage":"fr-FR","@id":"https:\/\/gava.org\/#\/schema\/logo\/image\/","url":"https:\/\/gava.org\/content\/user_files\/2017\/03\/gava_logo.png","contentUrl":"https:\/\/gava.org\/content\/user_files\/2017\/03\/gava_logo.png","width":341,"height":160,"caption":"GAVA"},"image":{"@id":"https:\/\/gava.org\/#\/schema\/logo\/image\/"}}]}},"_links":{"self":[{"href":"https:\/\/gava.org\/fr\/wp-json\/wp\/v2\/pages\/1229","targetHints":{"allow":["GET"]}}],"collection":[{"href":"https:\/\/gava.org\/fr\/wp-json\/wp\/v2\/pages"}],"about":[{"href":"https:\/\/gava.org\/fr\/wp-json\/wp\/v2\/types\/page"}],"author":[{"embeddable":true,"href":"https:\/\/gava.org\/fr\/wp-json\/wp\/v2\/users\/4"}],"replies":[{"embeddable":true,"href":"https:\/\/gava.org\/fr\/wp-json\/wp\/v2\/comments?post=1229"}],"version-history":[{"count":7,"href":"https:\/\/gava.org\/fr\/wp-json\/wp\/v2\/pages\/1229\/revisions"}],"predecessor-version":[{"id":1259,"href":"https:\/\/gava.org\/fr\/wp-json\/wp\/v2\/pages\/1229\/revisions\/1259"}],"up":[{"embeddable":true,"href":"https:\/\/gava.org\/fr\/wp-json\/wp\/v2\/pages\/866"}],"wp:attachment":[{"href":"https:\/\/gava.org\/fr\/wp-json\/wp\/v2\/media?parent=1229"}],"curies":[{"name":"wp","href":"https:\/\/api.w.org\/{rel}","templated":true}]}}