{"id":502,"date":"2019-04-05T12:25:05","date_gmt":"2019-04-05T16:25:05","guid":{"rendered":"https:\/\/gava.org\/?page_id=502"},"modified":"2025-01-17T14:03:07","modified_gmt":"2025-01-17T19:03:07","slug":"a-propos","status":"publish","type":"page","link":"https:\/\/gava.org\/fr\/a-propos\/","title":{"rendered":"\u00c0 propos"},"content":{"rendered":"<h2>Qui sommes-nous<\/h2>\n<hr \/>\n<p>L&rsquo;Alliance mondiale pour la vitamine A (GAVA pour \u00ab Global Alliance for Vitamin A \u00bb) est un forum de partage d&rsquo;informations, de le\u00e7ons apprises et de coordination des politiques relatives \u00e0 la suppl\u00e9mentation en vitamine A dans le cadre de programmes de lutte contre les carences en vitamine A ou de programmes de survie de l\u2019enfant. Nous r\u00e9unissons des organisations, des d\u00e9cideurs et des responsables de la mise en \u0153uvre des programmes afin de partager l&rsquo;information et d&rsquo;\u00e9laborer des politiques et des outils pour am\u00e9liorer la suppl\u00e9mentation en vitamine A. GAVA est pr\u00e9sid\u00e9 et accueilli par <a href=\"https:\/\/www.nutritionintl.org\/fr\/\">Nutrition International.<\/a><\/p>\n<h2>Objectifs<\/h2>\n<hr \/>\n<p>Nos objectifs principaux sont ax\u00e9s sur:<\/p>\n<p><strong>DONN\u00c9ES PROBANTES ET ORIENTATIONS POLITIQUES<\/strong> &#8211; Les d\u00e9cideurs politiques et les gestionnaires de programmes ont acc\u00e8s aux meilleures donn\u00e9es et orientations sur la suppl\u00e9mentation en vitamine A.<\/p>\n<p><strong>ORIENTATIONS ET OUTILS DU PROGRAMME<\/strong> &#8211; Les gestionnaires de programmes disposent des outils n\u00e9cessaires pour mettre en \u0153uvre des programmes de suppl\u00e9mentation en vitamine A efficaces et \u00e9quitables.<\/p>\n<p><strong>ENGAGEMENT POLITIQUE<\/strong> &#8211; Renforcer l\u2019engagement politique, la responsabilit\u00e9 et l\u2019investissement durable en faveur d\u2019une programmation appropri\u00e9e de la suppl\u00e9mentation en vitamine A aux niveaux national et mondial.<\/p>\n<h2>Vision<\/h2>\n<hr \/>\n<p>Un monde o\u00f9 les d\u00e9c\u00e8s d\u2019enfants et les maladies associ\u00e9es \u00e0 la carence en vitamine A sont \u00e9limin\u00e9s.<\/p>\n<h2>Mission<\/h2>\n<hr \/>\n<p>Acc\u00e9l\u00e9rer les progr\u00e8s vers la survie des enfants et r\u00e9duire l\u2019impact de la carence en vitamine A sur les enfants de moins de cinq ans en soutenant des programmes de suppl\u00e9mentation en vitamine A fond\u00e9s sur des donn\u00e9es probantes.<\/p>\n<p>Cliquez <a href=\"https:\/\/gava.org\/content\/user_files\/2025\/01\/GAVA-Strategic-Plan-2024_FR.pdf\">ici<\/a> pour consulter le plan strat\u00e9gique de GAVA pour la p\u00e9riode 2024-2030.<\/p>\n<h2>Leadership<\/h2>\n<hr \/>\n<p>Le leadership de GAVA consiste \u00e0 coordonner l&rsquo;Alliance, y compris organiser les assembl\u00e9es g\u00e9n\u00e9rales annuelles o\u00f9 les membres participent \u00e0 la planification strat\u00e9gique et \u00e0 identifier les domaines prioritaires pour la recherche et les programmes.<strong><br \/>\n<\/strong><\/p>\n<h5>Partenaires<\/h5>\n<ul>\n<li><a href=\"http:\/\/www.nutritionintl.org\" target=\"_blank\" rel=\"noopener noreferrer\">Nutrition International (NI)<\/a>, Pr\u00e9sident<\/li>\n<li><a href=\"http:\/\/unicef.org\" target=\"_blank\" rel=\"noopener noreferrer\">Fonds des Nations Unies pour l&rsquo;enfance (UNICEF)<\/a><\/li>\n<li><a href=\"http:\/\/hki.org\" target=\"_blank\" rel=\"noopener noreferrer\">Helen Keller International (HKI)<\/a><\/li>\n<li><a href=\"http:\/\/www.cdc.gov\/\" target=\"_blank\" rel=\"noopener noreferrer\">Centers for Disease Control and Prevention (CDC)<\/a><\/li>\n<li><a href=\"http:\/\/who.int\/fr\" target=\"_blank\" rel=\"noopener noreferrer\">Organisation mondiale de la sant\u00e9 (OMS)<\/a><\/li>\n<\/ul>\n<div id=\"homepage-partners\">\n\t<div class=\"content-width\">\n\t\t<h2>Partenaires principaux<\/h2>\n\t\t<hr \/>\n\t\t<div class=\"partners\"><div id=\"partner-66\" class=\"partner\">\n\t\t\t\t\t\t<div class=\"partner-logo\">\n\t\t\t\t\t\t\t<a href=\"http:\/\/www.unicef.ca\">\n\t\t\t\t\t\t\t\t<img decoding=\"async\" src=\"https:\/\/gava.org\/content\/user_files\/2016\/11\/UNICEF_ForEveryChild_Cyan_Vertical_CMYK_144ppi_ENG-162px.jpg\" alt=\"Unicef logo\" \/>\n\t\t\t\t\t\t\t<\/a>\n\t\t\t\t\t\t<\/div>\n\t\t\t\t\t<\/div><div id=\"partner-25\" class=\"partner\">\n\t\t\t\t\t\t<div class=\"partner-logo\">\n\t\t\t\t\t\t\t<a href=\"http:\/\/www.nutritionintl.org\">\n\t\t\t\t\t\t\t\t<img decoding=\"async\" src=\"https:\/\/gava.org\/content\/user_files\/2016\/10\/NutritionInternational_Tag_RGB_4C.jpg\" alt=\"Nutrition International logo\" \/>\n\t\t\t\t\t\t\t<\/a>\n\t\t\t\t\t\t<\/div>\n\t\t\t\t\t<\/div><div id=\"partner-71\" class=\"partner\">\n\t\t\t\t\t\t<div class=\"partner-logo\">\n\t\t\t\t\t\t\t<a href=\"http:\/\/www.hki.org\/\">\n\t\t\t\t\t\t\t\t<img decoding=\"async\" src=\"https:\/\/gava.org\/content\/user_files\/2016\/11\/HKLogo_Primary_RGB-e1586352944853.jpg\" alt=\"Helen Keller International logo\" \/>\n\t\t\t\t\t\t\t<\/a>\n\t\t\t\t\t\t<\/div>\n\t\t\t\t\t<\/div><\/div>\n\t\t<\/div>\n\t<\/div>\n<p>&nbsp;<\/p>\n<p>&nbsp;<\/p>\n<p>&nbsp;<\/p>\n","protected":false},"excerpt":{"rendered":"<p>Qui sommes-nous L&rsquo;Alliance mondiale pour la vitamine A (GAVA pour \u00ab Global Alliance for Vitamin A \u00bb) est un forum de partage d&rsquo;informations, de le\u00e7ons apprises et de coordination des politiques relatives \u00e0 la suppl\u00e9mentation en vitamine A dans le cadre de programmes de lutte contre les carences en vitamine A ou de programmes de [&hellip;]<\/p>\n","protected":false},"author":4,"featured_media":0,"parent":0,"menu_order":0,"comment_status":"closed","ping_status":"closed","template":"","meta":{"footnotes":""},"class_list":["post-502","page","type-page","status-publish","hentry"],"yoast_head":"<!-- This site is optimized with the Yoast SEO plugin v27.3 - https:\/\/yoast.com\/product\/yoast-seo-wordpress\/ -->\n<title>\u00c0 propos - The Global Alliance for Vitamin A (GAVA)<\/title>\n<meta name=\"robots\" content=\"index, follow, max-snippet:-1, max-image-preview:large, max-video-preview:-1\" \/>\n<link rel=\"canonical\" href=\"https:\/\/gava.org\/fr\/a-propos\/\" \/>\n<meta property=\"og:locale\" content=\"fr_FR\" \/>\n<meta property=\"og:type\" content=\"article\" \/>\n<meta property=\"og:title\" content=\"\u00c0 propos - The Global Alliance for Vitamin A (GAVA)\" \/>\n<meta property=\"og:description\" content=\"Qui sommes-nous L&rsquo;Alliance mondiale pour la vitamine A (GAVA pour \u00ab Global Alliance for Vitamin A \u00bb) est un forum de partage d&rsquo;informations, de le\u00e7ons apprises et de coordination des politiques relatives \u00e0 la suppl\u00e9mentation en vitamine A dans le cadre de programmes de lutte contre les carences en vitamine A ou de programmes de [&hellip;]\" \/>\n<meta property=\"og:url\" content=\"https:\/\/gava.org\/fr\/a-propos\/\" \/>\n<meta property=\"og:site_name\" content=\"The Global Alliance for Vitamin A (GAVA)\" \/>\n<meta property=\"article:modified_time\" content=\"2025-01-17T19:03:07+00:00\" \/>\n<meta property=\"og:image\" content=\"https:\/\/gava.org\/content\/user_files\/2017\/03\/gava_logo.png\" \/>\n\t<meta property=\"og:image:width\" content=\"341\" \/>\n\t<meta property=\"og:image:height\" content=\"160\" \/>\n\t<meta property=\"og:image:type\" content=\"image\/png\" \/>\n<meta name=\"twitter:card\" content=\"summary_large_image\" \/>\n<meta name=\"twitter:label1\" content=\"Dur\u00e9e de lecture estim\u00e9e\" \/>\n\t<meta name=\"twitter:data1\" content=\"2 minutes\" \/>\n<script type=\"application\/ld+json\" class=\"yoast-schema-graph\">{\"@context\":\"https:\\\/\\\/schema.org\",\"@graph\":[{\"@type\":\"WebPage\",\"@id\":\"https:\\\/\\\/gava.org\\\/fr\\\/a-propos\\\/\",\"url\":\"https:\\\/\\\/gava.org\\\/fr\\\/a-propos\\\/\",\"name\":\"\u00c0 propos - The Global Alliance for Vitamin A (GAVA)\",\"isPartOf\":{\"@id\":\"https:\\\/\\\/gava.org\\\/#website\"},\"datePublished\":\"2019-04-05T16:25:05+00:00\",\"dateModified\":\"2025-01-17T19:03:07+00:00\",\"breadcrumb\":{\"@id\":\"https:\\\/\\\/gava.org\\\/fr\\\/a-propos\\\/#breadcrumb\"},\"inLanguage\":\"fr-FR\",\"potentialAction\":[{\"@type\":\"ReadAction\",\"target\":[\"https:\\\/\\\/gava.org\\\/fr\\\/a-propos\\\/\"]}]},{\"@type\":\"BreadcrumbList\",\"@id\":\"https:\\\/\\\/gava.org\\\/fr\\\/a-propos\\\/#breadcrumb\",\"itemListElement\":[{\"@type\":\"ListItem\",\"position\":1,\"name\":\"Accueil\",\"item\":\"https:\\\/\\\/gava.org\\\/fr\\\/\"},{\"@type\":\"ListItem\",\"position\":2,\"name\":\"\u00c0 propos\"}]},{\"@type\":\"WebSite\",\"@id\":\"https:\\\/\\\/gava.org\\\/#website\",\"url\":\"https:\\\/\\\/gava.org\\\/\",\"name\":\"The Global Alliance for Vitamin A (GAVA)\",\"description\":\"The Global Alliance for Vitamin A (GAVA)\",\"publisher\":{\"@id\":\"https:\\\/\\\/gava.org\\\/#organization\"},\"potentialAction\":[{\"@type\":\"SearchAction\",\"target\":{\"@type\":\"EntryPoint\",\"urlTemplate\":\"https:\\\/\\\/gava.org\\\/?s={search_term_string}\"},\"query-input\":{\"@type\":\"PropertyValueSpecification\",\"valueRequired\":true,\"valueName\":\"search_term_string\"}}],\"inLanguage\":\"fr-FR\"},{\"@type\":\"Organization\",\"@id\":\"https:\\\/\\\/gava.org\\\/#organization\",\"name\":\"GAVA\",\"url\":\"https:\\\/\\\/gava.org\\\/\",\"logo\":{\"@type\":\"ImageObject\",\"inLanguage\":\"fr-FR\",\"@id\":\"https:\\\/\\\/gava.org\\\/#\\\/schema\\\/logo\\\/image\\\/\",\"url\":\"https:\\\/\\\/gava.org\\\/content\\\/user_files\\\/2017\\\/03\\\/gava_logo.png\",\"contentUrl\":\"https:\\\/\\\/gava.org\\\/content\\\/user_files\\\/2017\\\/03\\\/gava_logo.png\",\"width\":341,\"height\":160,\"caption\":\"GAVA\"},\"image\":{\"@id\":\"https:\\\/\\\/gava.org\\\/#\\\/schema\\\/logo\\\/image\\\/\"}}]}<\/script>\n<!-- \/ Yoast SEO plugin. -->","yoast_head_json":{"title":"\u00c0 propos - The Global Alliance for Vitamin A (GAVA)","robots":{"index":"index","follow":"follow","max-snippet":"max-snippet:-1","max-image-preview":"max-image-preview:large","max-video-preview":"max-video-preview:-1"},"canonical":"https:\/\/gava.org\/fr\/a-propos\/","og_locale":"fr_FR","og_type":"article","og_title":"\u00c0 propos - The Global Alliance for Vitamin A (GAVA)","og_description":"Qui sommes-nous L&rsquo;Alliance mondiale pour la vitamine A (GAVA pour \u00ab Global Alliance for Vitamin A \u00bb) est un forum de partage d&rsquo;informations, de le\u00e7ons apprises et de coordination des politiques relatives \u00e0 la suppl\u00e9mentation en vitamine A dans le cadre de programmes de lutte contre les carences en vitamine A ou de programmes de [&hellip;]","og_url":"https:\/\/gava.org\/fr\/a-propos\/","og_site_name":"The Global Alliance for Vitamin A (GAVA)","article_modified_time":"2025-01-17T19:03:07+00:00","og_image":[{"width":341,"height":160,"url":"https:\/\/gava.org\/content\/user_files\/2017\/03\/gava_logo.png","type":"image\/png"}],"twitter_card":"summary_large_image","twitter_misc":{"Dur\u00e9e de lecture estim\u00e9e":"2 minutes"},"schema":{"@context":"https:\/\/schema.org","@graph":[{"@type":"WebPage","@id":"https:\/\/gava.org\/fr\/a-propos\/","url":"https:\/\/gava.org\/fr\/a-propos\/","name":"\u00c0 propos - The Global Alliance for Vitamin A (GAVA)","isPartOf":{"@id":"https:\/\/gava.org\/#website"},"datePublished":"2019-04-05T16:25:05+00:00","dateModified":"2025-01-17T19:03:07+00:00","breadcrumb":{"@id":"https:\/\/gava.org\/fr\/a-propos\/#breadcrumb"},"inLanguage":"fr-FR","potentialAction":[{"@type":"ReadAction","target":["https:\/\/gava.org\/fr\/a-propos\/"]}]},{"@type":"BreadcrumbList","@id":"https:\/\/gava.org\/fr\/a-propos\/#breadcrumb","itemListElement":[{"@type":"ListItem","position":1,"name":"Accueil","item":"https:\/\/gava.org\/fr\/"},{"@type":"ListItem","position":2,"name":"\u00c0 propos"}]},{"@type":"WebSite","@id":"https:\/\/gava.org\/#website","url":"https:\/\/gava.org\/","name":"The Global Alliance for Vitamin A (GAVA)","description":"The Global Alliance for Vitamin A (GAVA)","publisher":{"@id":"https:\/\/gava.org\/#organization"},"potentialAction":[{"@type":"SearchAction","target":{"@type":"EntryPoint","urlTemplate":"https:\/\/gava.org\/?s={search_term_string}"},"query-input":{"@type":"PropertyValueSpecification","valueRequired":true,"valueName":"search_term_string"}}],"inLanguage":"fr-FR"},{"@type":"Organization","@id":"https:\/\/gava.org\/#organization","name":"GAVA","url":"https:\/\/gava.org\/","logo":{"@type":"ImageObject","inLanguage":"fr-FR","@id":"https:\/\/gava.org\/#\/schema\/logo\/image\/","url":"https:\/\/gava.org\/content\/user_files\/2017\/03\/gava_logo.png","contentUrl":"https:\/\/gava.org\/content\/user_files\/2017\/03\/gava_logo.png","width":341,"height":160,"caption":"GAVA"},"image":{"@id":"https:\/\/gava.org\/#\/schema\/logo\/image\/"}}]}},"_links":{"self":[{"href":"https:\/\/gava.org\/fr\/wp-json\/wp\/v2\/pages\/502","targetHints":{"allow":["GET"]}}],"collection":[{"href":"https:\/\/gava.org\/fr\/wp-json\/wp\/v2\/pages"}],"about":[{"href":"https:\/\/gava.org\/fr\/wp-json\/wp\/v2\/types\/page"}],"author":[{"embeddable":true,"href":"https:\/\/gava.org\/fr\/wp-json\/wp\/v2\/users\/4"}],"replies":[{"embeddable":true,"href":"https:\/\/gava.org\/fr\/wp-json\/wp\/v2\/comments?post=502"}],"version-history":[{"count":12,"href":"https:\/\/gava.org\/fr\/wp-json\/wp\/v2\/pages\/502\/revisions"}],"predecessor-version":[{"id":1327,"href":"https:\/\/gava.org\/fr\/wp-json\/wp\/v2\/pages\/502\/revisions\/1327"}],"wp:attachment":[{"href":"https:\/\/gava.org\/fr\/wp-json\/wp\/v2\/media?parent=502"}],"curies":[{"name":"wp","href":"https:\/\/api.w.org\/{rel}","templated":true}]}}