{"id":504,"date":"2019-04-05T12:25:17","date_gmt":"2019-04-05T16:25:17","guid":{"rendered":"https:\/\/gava.org\/?page_id=504"},"modified":"2020-10-13T10:33:27","modified_gmt":"2020-10-13T14:33:27","slug":"plaidoyer","status":"publish","type":"page","link":"https:\/\/gava.org\/fr\/plaidoyer\/","title":{"rendered":"Plaidoyer"},"content":{"rendered":"<p>Le mandat de GAVA est entre autres de faire un travail de plaidoyer en faveur d\u2019une volont\u00e9 politique et d\u2019un int\u00e9r\u00eat soutenu, afin d&rsquo;attirer un soutien financier et technique pour la suppl\u00e9mentation en vitamine A dans l\u2019environnement mondial de la nutrition. GAVA entreprend un plaidoyer mondial pour garantir que la suppl\u00e9mentation en vitamine A continue d&rsquo;\u00eatre une intervention prioritaire pour la survie de l&rsquo;enfant l\u00e0 o\u00f9 elle est n\u00e9cessaire.<br \/>\nGr\u00e2ce \u00e0 ce travail de plaidoyer, GAVA:<\/p>\n<ul>\n<li><strong>ASSURE L\u2019INTERFACE<\/strong> avec les gouvernements des pays h\u00f4tes, les parties prenantes et les partenaires en d\u00e9veloppement pour assurer un financement et un ciblage ad\u00e9quats et faire en sorte que la suppl\u00e9mentation en vitamine A soit une priorit\u00e9 \u00e9tant donn\u00e9 qu\u2019elle repr\u00e9sente une intervention rentable et qui a le potentiel de sauver des vies dans les contextes o\u00f9 il y a la carence en vitamine A.<\/li>\n<li><strong>FAIT LA PROMOTION<\/strong> des plateformes de prestation de service qui maximisent la port\u00e9e de la suppl\u00e9mentation en vitamine A et qui peuvent \u00eatre de plus en plus int\u00e9gr\u00e9es et op\u00e9rationnalis\u00e9es au sein du syst\u00e8me de sant\u00e9.<\/li>\n<li><strong>FAIT CAMPAGNE<\/strong> pour une meilleure harmonisation de la suppl\u00e9mentation en vitamine A avec les autres programmes de survie de l&rsquo;enfant et de lutte contre la carence en vitamine A afin d&rsquo;optimiser les ressources et l&rsquo;impact, de r\u00e9duire les duplications et d\u2019encourager la compl\u00e9mentarit\u00e9 dans la conception des programmes.<\/li>\n<\/ul>\n<h2>Ressources documentaires pour le plaidoyer<\/h2>\n<p>Consultez la page <a href=\"https:\/\/gava.org\/fr\/ressources-outils\">Ressources &amp; Outils<\/a> pour des publications sp\u00e9cifiques d&rsquo;appui au plaidoyer, y compris la \u00ab <a href=\"https:\/\/gava.org\/fr\/rencontres-evenements\/symposium-regional-2016\/declaration-finale\/\">D\u00e9claration de Dakar<\/a> \u00bb, une d\u00e9claration de consensus du Symposium panafricain sur la vitamine A de 2016. La pr\u00e9sentation qui l\u2019accompagne aidera les \u00e9quipes r\u00e9gionales et nationales \u00e0 faire le plaidoyer en faveur de l&rsquo;institutionnalisation, de l&rsquo;int\u00e9gration et de l&rsquo;\u00e9tablissement de priorit\u00e9s en mati\u00e8re de suppl\u00e9mentation en vitamine A dans les plans de nutrition du Mouvement Pour am\u00e9liorer la nutrition (SUN, Scaling Up Nutrition),les strat\u00e9gies nationales de nutrition et les portefeuilles des donateurs.<\/p>\n","protected":false},"excerpt":{"rendered":"<p>Le mandat de GAVA est entre autres de faire un travail de plaidoyer en faveur d\u2019une volont\u00e9 politique et d\u2019un int\u00e9r\u00eat soutenu, afin d&rsquo;attirer un soutien financier et technique pour la suppl\u00e9mentation en vitamine A dans l\u2019environnement mondial de la nutrition. GAVA entreprend un plaidoyer mondial pour garantir que la suppl\u00e9mentation en vitamine A continue [&hellip;]<\/p>\n","protected":false},"author":4,"featured_media":0,"parent":0,"menu_order":0,"comment_status":"closed","ping_status":"closed","template":"","meta":{"footnotes":""},"class_list":["post-504","page","type-page","status-publish","hentry"],"yoast_head":"<!-- This site is optimized with the Yoast SEO plugin v27.3 - https:\/\/yoast.com\/product\/yoast-seo-wordpress\/ -->\n<title>Plaidoyer - The Global Alliance for Vitamin A (GAVA)<\/title>\n<meta name=\"robots\" content=\"index, follow, max-snippet:-1, max-image-preview:large, max-video-preview:-1\" \/>\n<link rel=\"canonical\" href=\"https:\/\/gava.org\/fr\/plaidoyer\/\" \/>\n<meta property=\"og:locale\" content=\"fr_FR\" \/>\n<meta property=\"og:type\" content=\"article\" \/>\n<meta property=\"og:title\" content=\"Plaidoyer - The Global Alliance for Vitamin A (GAVA)\" \/>\n<meta property=\"og:description\" content=\"Le mandat de GAVA est entre autres de faire un travail de plaidoyer en faveur d\u2019une volont\u00e9 politique et d\u2019un int\u00e9r\u00eat soutenu, afin d&rsquo;attirer un soutien financier et technique pour la suppl\u00e9mentation en vitamine A dans l\u2019environnement mondial de la nutrition. GAVA entreprend un plaidoyer mondial pour garantir que la suppl\u00e9mentation en vitamine A continue [&hellip;]\" \/>\n<meta property=\"og:url\" content=\"https:\/\/gava.org\/fr\/plaidoyer\/\" \/>\n<meta property=\"og:site_name\" content=\"The Global Alliance for Vitamin A (GAVA)\" \/>\n<meta property=\"article:modified_time\" content=\"2020-10-13T14:33:27+00:00\" \/>\n<meta property=\"og:image\" content=\"https:\/\/gava.org\/content\/user_files\/2017\/03\/gava_logo.png\" \/>\n\t<meta property=\"og:image:width\" content=\"341\" \/>\n\t<meta property=\"og:image:height\" content=\"160\" \/>\n\t<meta property=\"og:image:type\" content=\"image\/png\" \/>\n<meta name=\"twitter:card\" content=\"summary_large_image\" \/>\n<meta name=\"twitter:label1\" content=\"Dur\u00e9e de lecture estim\u00e9e\" \/>\n\t<meta name=\"twitter:data1\" content=\"2 minutes\" \/>\n<script type=\"application\/ld+json\" class=\"yoast-schema-graph\">{\"@context\":\"https:\\\/\\\/schema.org\",\"@graph\":[{\"@type\":\"WebPage\",\"@id\":\"https:\\\/\\\/gava.org\\\/fr\\\/plaidoyer\\\/\",\"url\":\"https:\\\/\\\/gava.org\\\/fr\\\/plaidoyer\\\/\",\"name\":\"Plaidoyer - The Global Alliance for Vitamin A (GAVA)\",\"isPartOf\":{\"@id\":\"https:\\\/\\\/gava.org\\\/#website\"},\"datePublished\":\"2019-04-05T16:25:17+00:00\",\"dateModified\":\"2020-10-13T14:33:27+00:00\",\"breadcrumb\":{\"@id\":\"https:\\\/\\\/gava.org\\\/fr\\\/plaidoyer\\\/#breadcrumb\"},\"inLanguage\":\"fr-FR\",\"potentialAction\":[{\"@type\":\"ReadAction\",\"target\":[\"https:\\\/\\\/gava.org\\\/fr\\\/plaidoyer\\\/\"]}]},{\"@type\":\"BreadcrumbList\",\"@id\":\"https:\\\/\\\/gava.org\\\/fr\\\/plaidoyer\\\/#breadcrumb\",\"itemListElement\":[{\"@type\":\"ListItem\",\"position\":1,\"name\":\"Accueil\",\"item\":\"https:\\\/\\\/gava.org\\\/fr\\\/\"},{\"@type\":\"ListItem\",\"position\":2,\"name\":\"Plaidoyer\"}]},{\"@type\":\"WebSite\",\"@id\":\"https:\\\/\\\/gava.org\\\/#website\",\"url\":\"https:\\\/\\\/gava.org\\\/\",\"name\":\"The Global Alliance for Vitamin A (GAVA)\",\"description\":\"The Global Alliance for Vitamin A (GAVA)\",\"publisher\":{\"@id\":\"https:\\\/\\\/gava.org\\\/#organization\"},\"potentialAction\":[{\"@type\":\"SearchAction\",\"target\":{\"@type\":\"EntryPoint\",\"urlTemplate\":\"https:\\\/\\\/gava.org\\\/?s={search_term_string}\"},\"query-input\":{\"@type\":\"PropertyValueSpecification\",\"valueRequired\":true,\"valueName\":\"search_term_string\"}}],\"inLanguage\":\"fr-FR\"},{\"@type\":\"Organization\",\"@id\":\"https:\\\/\\\/gava.org\\\/#organization\",\"name\":\"GAVA\",\"url\":\"https:\\\/\\\/gava.org\\\/\",\"logo\":{\"@type\":\"ImageObject\",\"inLanguage\":\"fr-FR\",\"@id\":\"https:\\\/\\\/gava.org\\\/#\\\/schema\\\/logo\\\/image\\\/\",\"url\":\"https:\\\/\\\/gava.org\\\/content\\\/user_files\\\/2017\\\/03\\\/gava_logo.png\",\"contentUrl\":\"https:\\\/\\\/gava.org\\\/content\\\/user_files\\\/2017\\\/03\\\/gava_logo.png\",\"width\":341,\"height\":160,\"caption\":\"GAVA\"},\"image\":{\"@id\":\"https:\\\/\\\/gava.org\\\/#\\\/schema\\\/logo\\\/image\\\/\"}}]}<\/script>\n<!-- \/ Yoast SEO plugin. -->","yoast_head_json":{"title":"Plaidoyer - The Global Alliance for Vitamin A (GAVA)","robots":{"index":"index","follow":"follow","max-snippet":"max-snippet:-1","max-image-preview":"max-image-preview:large","max-video-preview":"max-video-preview:-1"},"canonical":"https:\/\/gava.org\/fr\/plaidoyer\/","og_locale":"fr_FR","og_type":"article","og_title":"Plaidoyer - The Global Alliance for Vitamin A (GAVA)","og_description":"Le mandat de GAVA est entre autres de faire un travail de plaidoyer en faveur d\u2019une volont\u00e9 politique et d\u2019un int\u00e9r\u00eat soutenu, afin d&rsquo;attirer un soutien financier et technique pour la suppl\u00e9mentation en vitamine A dans l\u2019environnement mondial de la nutrition. GAVA entreprend un plaidoyer mondial pour garantir que la suppl\u00e9mentation en vitamine A continue [&hellip;]","og_url":"https:\/\/gava.org\/fr\/plaidoyer\/","og_site_name":"The Global Alliance for Vitamin A (GAVA)","article_modified_time":"2020-10-13T14:33:27+00:00","og_image":[{"width":341,"height":160,"url":"https:\/\/gava.org\/content\/user_files\/2017\/03\/gava_logo.png","type":"image\/png"}],"twitter_card":"summary_large_image","twitter_misc":{"Dur\u00e9e de lecture estim\u00e9e":"2 minutes"},"schema":{"@context":"https:\/\/schema.org","@graph":[{"@type":"WebPage","@id":"https:\/\/gava.org\/fr\/plaidoyer\/","url":"https:\/\/gava.org\/fr\/plaidoyer\/","name":"Plaidoyer - The Global Alliance for Vitamin A (GAVA)","isPartOf":{"@id":"https:\/\/gava.org\/#website"},"datePublished":"2019-04-05T16:25:17+00:00","dateModified":"2020-10-13T14:33:27+00:00","breadcrumb":{"@id":"https:\/\/gava.org\/fr\/plaidoyer\/#breadcrumb"},"inLanguage":"fr-FR","potentialAction":[{"@type":"ReadAction","target":["https:\/\/gava.org\/fr\/plaidoyer\/"]}]},{"@type":"BreadcrumbList","@id":"https:\/\/gava.org\/fr\/plaidoyer\/#breadcrumb","itemListElement":[{"@type":"ListItem","position":1,"name":"Accueil","item":"https:\/\/gava.org\/fr\/"},{"@type":"ListItem","position":2,"name":"Plaidoyer"}]},{"@type":"WebSite","@id":"https:\/\/gava.org\/#website","url":"https:\/\/gava.org\/","name":"The Global Alliance for Vitamin A (GAVA)","description":"The Global Alliance for Vitamin A (GAVA)","publisher":{"@id":"https:\/\/gava.org\/#organization"},"potentialAction":[{"@type":"SearchAction","target":{"@type":"EntryPoint","urlTemplate":"https:\/\/gava.org\/?s={search_term_string}"},"query-input":{"@type":"PropertyValueSpecification","valueRequired":true,"valueName":"search_term_string"}}],"inLanguage":"fr-FR"},{"@type":"Organization","@id":"https:\/\/gava.org\/#organization","name":"GAVA","url":"https:\/\/gava.org\/","logo":{"@type":"ImageObject","inLanguage":"fr-FR","@id":"https:\/\/gava.org\/#\/schema\/logo\/image\/","url":"https:\/\/gava.org\/content\/user_files\/2017\/03\/gava_logo.png","contentUrl":"https:\/\/gava.org\/content\/user_files\/2017\/03\/gava_logo.png","width":341,"height":160,"caption":"GAVA"},"image":{"@id":"https:\/\/gava.org\/#\/schema\/logo\/image\/"}}]}},"_links":{"self":[{"href":"https:\/\/gava.org\/fr\/wp-json\/wp\/v2\/pages\/504","targetHints":{"allow":["GET"]}}],"collection":[{"href":"https:\/\/gava.org\/fr\/wp-json\/wp\/v2\/pages"}],"about":[{"href":"https:\/\/gava.org\/fr\/wp-json\/wp\/v2\/types\/page"}],"author":[{"embeddable":true,"href":"https:\/\/gava.org\/fr\/wp-json\/wp\/v2\/users\/4"}],"replies":[{"embeddable":true,"href":"https:\/\/gava.org\/fr\/wp-json\/wp\/v2\/comments?post=504"}],"version-history":[{"count":5,"href":"https:\/\/gava.org\/fr\/wp-json\/wp\/v2\/pages\/504\/revisions"}],"predecessor-version":[{"id":1135,"href":"https:\/\/gava.org\/fr\/wp-json\/wp\/v2\/pages\/504\/revisions\/1135"}],"wp:attachment":[{"href":"https:\/\/gava.org\/fr\/wp-json\/wp\/v2\/media?parent=504"}],"curies":[{"name":"wp","href":"https:\/\/api.w.org\/{rel}","templated":true}]}}