{"id":518,"date":"2019-04-05T12:34:29","date_gmt":"2019-04-05T16:34:29","guid":{"rendered":"https:\/\/gava.org\/?page_id=518"},"modified":"2019-04-10T13:06:53","modified_gmt":"2019-04-10T17:06:53","slug":"consultation-technique-2017","status":"publish","type":"page","link":"https:\/\/gava.org\/fr\/rencontres-evenements\/consultation-technique-2017\/","title":{"rendered":"Consultation technique : Estimation de l\u2019\u00e9tat en vitamine A dans les \u00e9tudes de population"},"content":{"rendered":"<p style=\"text-align: center;\">ATLANTA, \u00c9TATS-UNIS ; 29 AO\u00dbT 2017<\/p>\n<p style=\"text-align: center;\"><a href=\"https:\/\/gava.org\/fr\/rencontres-evenements\/consultation-technique-2017\/liste-des-participants\/\">Liste des participants<\/a> &#8211; <a href=\"https:\/\/gava.org\/fr\/rencontres-evenements\/consultation-technique-2017\/ordre-du-jour\/\">Ordre du jour de la r\u00e9union<\/a><\/p>\n<hr \/>\n<p>Le 29 ao\u00fbt 2017, GAVA, par l&rsquo;interm\u00e9diaire de ses principaux partenaires (Center for Disease Control and Prevention &#8211; CDC ; Helen Keller International &#8211; HKI ; Nutrition International &#8211; NI ; et le Fonds des Nations Unies pour l\u2019enfance &#8211; UNICEF) a organis\u00e9 une consultation technique pour examiner et discuter des approches actuelles pour \u00e9valuer l\u2019\u00e9tat en vitamine A dans les enqu\u00eates bas\u00e9es sur la population. La r\u00e9union d&rsquo;une journ\u00e9e qui s&rsquo;est tenue au CDC \u00e0 Atlanta a r\u00e9uni des experts de divers domaines li\u00e9s \u00e0 la carence en vitamine A, notamment la programmation, les m\u00e9thodes de laboratoire et les enqu\u00eates aupr\u00e8s des populations.<\/p>\n<h3>Justification et objectifs<\/h3>\n<p>\u00c9tant donn\u00e9 que de plus en plus de pays entreprennent des enqu\u00eates nutritionnelles aupr\u00e8s de la population pour \u00e9valuer l&rsquo;\u00e9tat des micronutriments et l&rsquo;ampleur des carences dans leur population, il est de plus en plus n\u00e9cessaire de formuler des recommandations actualis\u00e9es sur le choix des indicateurs appropri\u00e9s. L&rsquo;OMS s&rsquo;est engag\u00e9e dans un processus pluriannuel de mise \u00e0 jour de ses recommandations concernant les indicateurs de l&rsquo;\u00e9tat en micronutriments de la vitamine A. Etant donn\u00e9 que ce processus est en cours, la consultation technique de GAVA a \u00e9t\u00e9 convoqu\u00e9e pour r\u00e9diger une note technique d\u00e9crivant comment d\u00e9terminer l\u2019\u00e9tat en vitamine A dans les \u00e9valuations bas\u00e9es sur la population. Cette note devait servir de guide provisoire pour l&rsquo;\u00e9valuation biochimique de l&rsquo;\u00e9tat en vitamine A.<\/p>\n<p>Les objectifs de la r\u00e9union \u00e9taient de :<\/p>\n<ol>\n<li>Parvenir \u00e0 un consensus sur des directives provisoires sur la fa\u00e7on de d\u00e9terminer l\u2019\u00e9tat en vitamine A dans les enqu\u00eates nutritionnelles ;<\/li>\n<li>D\u00e9terminer quels indicateurs ou combinaison d&rsquo;indicateurs sont les plus utiles pour \u00e9valuer l\u2019\u00e9tat en vitamine A ;<\/li>\n<li>Tirer des conclusions sur la meilleure fa\u00e7on d&rsquo;\u00e9tablir des seuils et d&rsquo;ajuster les donn\u00e9es en fonction de l\u2019\u00e9tat infectieux ; et<\/li>\n<li>D\u00e9terminer les priorit\u00e9s pour les prochaines \u00e9tapes et les questions de recherche suppl\u00e9mentaires.<\/li>\n<\/ol>\n<p>Le dossier technique r\u00e9dig\u00e9 lors de cette r\u00e9union est actuellement en attente d&rsquo;approbation par le CDC.<\/p>\n<hr \/>\n<p style=\"text-align: center;\"><a href=\"https:\/\/gava.org\/fr\/rencontres-evenements\/consultation-technique-2017\/liste-des-participants\/\">Liste des participants<\/a> &#8211; <a href=\"https:\/\/gava.org\/fr\/rencontres-evenements\/consultation-technique-2017\/ordre-du-jour\/\">Ordre du jour de la r\u00e9union<\/a><\/p>\n<hr \/>\n","protected":false},"excerpt":{"rendered":"<p>ATLANTA, \u00c9TATS-UNIS ; 29 AO\u00dbT 2017 Liste des participants &#8211; Ordre du jour de la r\u00e9union Le 29 ao\u00fbt 2017, GAVA, par l&rsquo;interm\u00e9diaire de ses principaux partenaires (Center for Disease Control and Prevention &#8211; CDC ; Helen Keller International &#8211; HKI ; Nutrition International &#8211; NI ; et le Fonds des Nations Unies pour l\u2019enfance [&hellip;]<\/p>\n","protected":false},"author":4,"featured_media":0,"parent":510,"menu_order":0,"comment_status":"closed","ping_status":"closed","template":"","meta":{"footnotes":""},"class_list":["post-518","page","type-page","status-publish","hentry"],"yoast_head":"<!-- This site is optimized with the Yoast SEO plugin v27.3 - https:\/\/yoast.com\/product\/yoast-seo-wordpress\/ -->\n<title>Consultation technique : Estimation de l\u2019\u00e9tat en vitamine A dans les \u00e9tudes de population - The Global Alliance for Vitamin A (GAVA)<\/title>\n<meta name=\"robots\" content=\"index, follow, max-snippet:-1, max-image-preview:large, max-video-preview:-1\" \/>\n<link rel=\"canonical\" href=\"https:\/\/gava.org\/fr\/rencontres-evenements\/consultation-technique-2017\/\" \/>\n<meta property=\"og:locale\" content=\"fr_FR\" \/>\n<meta property=\"og:type\" content=\"article\" \/>\n<meta property=\"og:title\" content=\"Consultation technique : Estimation de l\u2019\u00e9tat en vitamine A dans les \u00e9tudes de population - The Global Alliance for Vitamin A (GAVA)\" \/>\n<meta property=\"og:description\" content=\"ATLANTA, \u00c9TATS-UNIS ; 29 AO\u00dbT 2017 Liste des participants &#8211; Ordre du jour de la r\u00e9union Le 29 ao\u00fbt 2017, GAVA, par l&rsquo;interm\u00e9diaire de ses principaux partenaires (Center for Disease Control and Prevention &#8211; CDC ; Helen Keller International &#8211; HKI ; Nutrition International &#8211; NI ; et le Fonds des Nations Unies pour l\u2019enfance [&hellip;]\" \/>\n<meta property=\"og:url\" content=\"https:\/\/gava.org\/fr\/rencontres-evenements\/consultation-technique-2017\/\" \/>\n<meta property=\"og:site_name\" content=\"The Global Alliance for Vitamin A (GAVA)\" \/>\n<meta property=\"article:modified_time\" content=\"2019-04-10T17:06:53+00:00\" \/>\n<meta property=\"og:image\" content=\"https:\/\/gava.org\/content\/user_files\/2017\/03\/gava_logo.png\" \/>\n\t<meta property=\"og:image:width\" content=\"341\" \/>\n\t<meta property=\"og:image:height\" content=\"160\" \/>\n\t<meta property=\"og:image:type\" content=\"image\/png\" \/>\n<meta name=\"twitter:card\" content=\"summary_large_image\" \/>\n<meta name=\"twitter:label1\" content=\"Dur\u00e9e de lecture estim\u00e9e\" \/>\n\t<meta name=\"twitter:data1\" content=\"2 minutes\" \/>\n<script type=\"application\/ld+json\" class=\"yoast-schema-graph\">{\"@context\":\"https:\\\/\\\/schema.org\",\"@graph\":[{\"@type\":\"WebPage\",\"@id\":\"https:\\\/\\\/gava.org\\\/fr\\\/rencontres-evenements\\\/consultation-technique-2017\\\/\",\"url\":\"https:\\\/\\\/gava.org\\\/fr\\\/rencontres-evenements\\\/consultation-technique-2017\\\/\",\"name\":\"Consultation technique : Estimation de l\u2019\u00e9tat en vitamine A dans les \u00e9tudes de population - The Global Alliance for Vitamin A (GAVA)\",\"isPartOf\":{\"@id\":\"https:\\\/\\\/gava.org\\\/#website\"},\"datePublished\":\"2019-04-05T16:34:29+00:00\",\"dateModified\":\"2019-04-10T17:06:53+00:00\",\"breadcrumb\":{\"@id\":\"https:\\\/\\\/gava.org\\\/fr\\\/rencontres-evenements\\\/consultation-technique-2017\\\/#breadcrumb\"},\"inLanguage\":\"fr-FR\",\"potentialAction\":[{\"@type\":\"ReadAction\",\"target\":[\"https:\\\/\\\/gava.org\\\/fr\\\/rencontres-evenements\\\/consultation-technique-2017\\\/\"]}]},{\"@type\":\"BreadcrumbList\",\"@id\":\"https:\\\/\\\/gava.org\\\/fr\\\/rencontres-evenements\\\/consultation-technique-2017\\\/#breadcrumb\",\"itemListElement\":[{\"@type\":\"ListItem\",\"position\":1,\"name\":\"Accueil\",\"item\":\"https:\\\/\\\/gava.org\\\/fr\\\/\"},{\"@type\":\"ListItem\",\"position\":2,\"name\":\"Rencontres &#038; \u00e9v\u00e9nements\",\"item\":\"https:\\\/\\\/gava.org\\\/fr\\\/rencontres-evenements\\\/\"},{\"@type\":\"ListItem\",\"position\":3,\"name\":\"Consultation technique : Estimation de l\u2019\u00e9tat en vitamine A dans les \u00e9tudes de population\"}]},{\"@type\":\"WebSite\",\"@id\":\"https:\\\/\\\/gava.org\\\/#website\",\"url\":\"https:\\\/\\\/gava.org\\\/\",\"name\":\"The Global Alliance for Vitamin A (GAVA)\",\"description\":\"The Global Alliance for Vitamin A (GAVA)\",\"publisher\":{\"@id\":\"https:\\\/\\\/gava.org\\\/#organization\"},\"potentialAction\":[{\"@type\":\"SearchAction\",\"target\":{\"@type\":\"EntryPoint\",\"urlTemplate\":\"https:\\\/\\\/gava.org\\\/?s={search_term_string}\"},\"query-input\":{\"@type\":\"PropertyValueSpecification\",\"valueRequired\":true,\"valueName\":\"search_term_string\"}}],\"inLanguage\":\"fr-FR\"},{\"@type\":\"Organization\",\"@id\":\"https:\\\/\\\/gava.org\\\/#organization\",\"name\":\"GAVA\",\"url\":\"https:\\\/\\\/gava.org\\\/\",\"logo\":{\"@type\":\"ImageObject\",\"inLanguage\":\"fr-FR\",\"@id\":\"https:\\\/\\\/gava.org\\\/#\\\/schema\\\/logo\\\/image\\\/\",\"url\":\"https:\\\/\\\/gava.org\\\/content\\\/user_files\\\/2017\\\/03\\\/gava_logo.png\",\"contentUrl\":\"https:\\\/\\\/gava.org\\\/content\\\/user_files\\\/2017\\\/03\\\/gava_logo.png\",\"width\":341,\"height\":160,\"caption\":\"GAVA\"},\"image\":{\"@id\":\"https:\\\/\\\/gava.org\\\/#\\\/schema\\\/logo\\\/image\\\/\"}}]}<\/script>\n<!-- \/ Yoast SEO plugin. -->","yoast_head_json":{"title":"Consultation technique : Estimation de l\u2019\u00e9tat en vitamine A dans les \u00e9tudes de population - The Global Alliance for Vitamin A (GAVA)","robots":{"index":"index","follow":"follow","max-snippet":"max-snippet:-1","max-image-preview":"max-image-preview:large","max-video-preview":"max-video-preview:-1"},"canonical":"https:\/\/gava.org\/fr\/rencontres-evenements\/consultation-technique-2017\/","og_locale":"fr_FR","og_type":"article","og_title":"Consultation technique : Estimation de l\u2019\u00e9tat en vitamine A dans les \u00e9tudes de population - The Global Alliance for Vitamin A (GAVA)","og_description":"ATLANTA, \u00c9TATS-UNIS ; 29 AO\u00dbT 2017 Liste des participants &#8211; Ordre du jour de la r\u00e9union Le 29 ao\u00fbt 2017, GAVA, par l&rsquo;interm\u00e9diaire de ses principaux partenaires (Center for Disease Control and Prevention &#8211; CDC ; Helen Keller International &#8211; HKI ; Nutrition International &#8211; NI ; et le Fonds des Nations Unies pour l\u2019enfance [&hellip;]","og_url":"https:\/\/gava.org\/fr\/rencontres-evenements\/consultation-technique-2017\/","og_site_name":"The Global Alliance for Vitamin A (GAVA)","article_modified_time":"2019-04-10T17:06:53+00:00","og_image":[{"width":341,"height":160,"url":"https:\/\/gava.org\/content\/user_files\/2017\/03\/gava_logo.png","type":"image\/png"}],"twitter_card":"summary_large_image","twitter_misc":{"Dur\u00e9e de lecture estim\u00e9e":"2 minutes"},"schema":{"@context":"https:\/\/schema.org","@graph":[{"@type":"WebPage","@id":"https:\/\/gava.org\/fr\/rencontres-evenements\/consultation-technique-2017\/","url":"https:\/\/gava.org\/fr\/rencontres-evenements\/consultation-technique-2017\/","name":"Consultation technique : Estimation de l\u2019\u00e9tat en vitamine A dans les \u00e9tudes de population - The Global Alliance for Vitamin A (GAVA)","isPartOf":{"@id":"https:\/\/gava.org\/#website"},"datePublished":"2019-04-05T16:34:29+00:00","dateModified":"2019-04-10T17:06:53+00:00","breadcrumb":{"@id":"https:\/\/gava.org\/fr\/rencontres-evenements\/consultation-technique-2017\/#breadcrumb"},"inLanguage":"fr-FR","potentialAction":[{"@type":"ReadAction","target":["https:\/\/gava.org\/fr\/rencontres-evenements\/consultation-technique-2017\/"]}]},{"@type":"BreadcrumbList","@id":"https:\/\/gava.org\/fr\/rencontres-evenements\/consultation-technique-2017\/#breadcrumb","itemListElement":[{"@type":"ListItem","position":1,"name":"Accueil","item":"https:\/\/gava.org\/fr\/"},{"@type":"ListItem","position":2,"name":"Rencontres &#038; \u00e9v\u00e9nements","item":"https:\/\/gava.org\/fr\/rencontres-evenements\/"},{"@type":"ListItem","position":3,"name":"Consultation technique : Estimation de l\u2019\u00e9tat en vitamine A dans les \u00e9tudes de population"}]},{"@type":"WebSite","@id":"https:\/\/gava.org\/#website","url":"https:\/\/gava.org\/","name":"The Global Alliance for Vitamin A (GAVA)","description":"The Global Alliance for Vitamin A (GAVA)","publisher":{"@id":"https:\/\/gava.org\/#organization"},"potentialAction":[{"@type":"SearchAction","target":{"@type":"EntryPoint","urlTemplate":"https:\/\/gava.org\/?s={search_term_string}"},"query-input":{"@type":"PropertyValueSpecification","valueRequired":true,"valueName":"search_term_string"}}],"inLanguage":"fr-FR"},{"@type":"Organization","@id":"https:\/\/gava.org\/#organization","name":"GAVA","url":"https:\/\/gava.org\/","logo":{"@type":"ImageObject","inLanguage":"fr-FR","@id":"https:\/\/gava.org\/#\/schema\/logo\/image\/","url":"https:\/\/gava.org\/content\/user_files\/2017\/03\/gava_logo.png","contentUrl":"https:\/\/gava.org\/content\/user_files\/2017\/03\/gava_logo.png","width":341,"height":160,"caption":"GAVA"},"image":{"@id":"https:\/\/gava.org\/#\/schema\/logo\/image\/"}}]}},"_links":{"self":[{"href":"https:\/\/gava.org\/fr\/wp-json\/wp\/v2\/pages\/518","targetHints":{"allow":["GET"]}}],"collection":[{"href":"https:\/\/gava.org\/fr\/wp-json\/wp\/v2\/pages"}],"about":[{"href":"https:\/\/gava.org\/fr\/wp-json\/wp\/v2\/types\/page"}],"author":[{"embeddable":true,"href":"https:\/\/gava.org\/fr\/wp-json\/wp\/v2\/users\/4"}],"replies":[{"embeddable":true,"href":"https:\/\/gava.org\/fr\/wp-json\/wp\/v2\/comments?post=518"}],"version-history":[{"count":7,"href":"https:\/\/gava.org\/fr\/wp-json\/wp\/v2\/pages\/518\/revisions"}],"predecessor-version":[{"id":656,"href":"https:\/\/gava.org\/fr\/wp-json\/wp\/v2\/pages\/518\/revisions\/656"}],"up":[{"embeddable":true,"href":"https:\/\/gava.org\/fr\/wp-json\/wp\/v2\/pages\/510"}],"wp:attachment":[{"href":"https:\/\/gava.org\/fr\/wp-json\/wp\/v2\/media?parent=518"}],"curies":[{"name":"wp","href":"https:\/\/api.w.org\/{rel}","templated":true}]}}