{"id":520,"date":"2019-04-05T12:46:14","date_gmt":"2019-04-05T16:46:14","guid":{"rendered":"https:\/\/gava.org\/?page_id=520"},"modified":"2019-12-10T14:30:20","modified_gmt":"2019-12-10T19:30:20","slug":"ordre-du-jour","status":"publish","type":"page","link":"https:\/\/gava.org\/fr\/rencontres-evenements\/consultation-technique-2017\/ordre-du-jour\/","title":{"rendered":"Ordre du jour"},"content":{"rendered":"<p style=\"text-align: center;\">ATLANTA, \u00c9TATS-UNIS ; 29 AO\u00dbT 2017<\/p>\n<p style=\"text-align: center;\"><a href=\"https:\/\/gava.org\/fr\/rencontres-evenements\/consultation-technique-2017\">Aper\u00e7u de la r\u00e9union<\/a> &#8211; <a href=\"https:\/\/gava.org\/fr\/rencontres-evenements\/consultation-technique-2017\/liste-des-participants\/\">Liste des participants<\/a><\/p>\n<hr \/>\n<table class=\"centerThis\" style=\"width: 800px; border-collapse: collapse;\" border=\"1\">\n<tbody>\n<tr style=\"height: 25px;\">\n<td style=\"height: 25px; width: 480px;\"><strong>Session<\/strong><\/td>\n<td style=\"height: 25px; width: 320px;\"><strong>Chef de s\u00e9ance<\/strong><\/td>\n<\/tr>\n<tr style=\"height: 24px;\">\n<td style=\"height: 24px; width: 480px;\">Introduction et r\u00e9sultats de la consultation<\/td>\n<td style=\"height: 24px; width: 320px;\">Rolf Klemm (HKI)<\/td>\n<\/tr>\n<tr style=\"height: 184px;\">\n<td style=\"height: 184px; width: 480px;\">Point de l&rsquo;OMS sur le processus de mise \u00e0 jour des indicateurs pour \u00e9valuer les carences<\/p>\n<ul>\n<li>Recommandations actuelles<\/li>\n<li>Note conceptuelle pour mettre \u00e0 jour les indicateurs de la vitamine A, y compris la RBP<\/li>\n<\/ul>\n<\/td>\n<td style=\"height: 184px; width: 320px;\">Lisa Rogers (OMS) [par t\u00e9l\u00e9phone]<\/td>\n<\/tr>\n<tr style=\"height: 248px;\">\n<td style=\"height: 248px; width: 480px;\">Mise \u00e0 jour sur les principaux efforts de recherche visant \u00e0 \u00e9valuer l\u2019\u00e9tat en vitamine A<\/p>\n<ul>\n<li>Utilisation d&rsquo;isotopes stables pour \u00e9valuer l\u2019\u00e9tat en vitamine A (15 minutes)<\/li>\n<li>GloVitas (15 minutes)<\/li>\n<li>Relation entre le RBP et le r\u00e9tinol (15 minutes)<\/li>\n<li>Discussion (30 minutes)<\/li>\n<\/ul>\n<\/td>\n<td style=\"height: 248px; width: 320px;\">Sherry Tanumihardjo (Universit\u00e9 du Wisconsin), George Lietz (Universit\u00e9 de Newcastle) et Neal Craft (Craft Technologies)<\/td>\n<\/tr>\n<tr style=\"height: 224px;\">\n<td style=\"height: 224px; width: 480px;\">Autres biomarqueurs potentiels pour l&rsquo;\u00e9valuation de la vitamine A dans les enqu\u00eates de population<\/p>\n<ul>\n<li>Esters de r\u00e9tinyle<\/li>\n<li>Lait maternel<\/li>\n<li>Adaptation \u00e0 l&rsquo;obscurit\u00e9<\/li>\n<li>Discussion et prochaines \u00e9tapes<\/li>\n<\/ul>\n<\/td>\n<td style=\"height: 224px; width: 320px;\">Amanda Palmer (Universit\u00e9 Johns Hopkins)<\/td>\n<\/tr>\n<tr style=\"height: 224px;\">\n<td style=\"height: 224px; width: 480px;\">Exp\u00e9riences du CDC en mati\u00e8re d&rsquo;\u00e9valuation de la vitamine A \u00e0 l&rsquo;aide du r\u00e9tinol, du RBP et du MRDR dans le cadre d&rsquo;enqu\u00eates aupr\u00e8s de la population<\/p>\n<ul>\n<li>Comparaison et calcul de r\u00e9gression<\/li>\n<li>Etat infectieux<\/li>\n<li>Sensibilit\u00e9 et sp\u00e9cificit\u00e9<\/li>\n<li>Discussion et prochaines \u00e9tapes<\/li>\n<\/ul>\n<\/td>\n<td style=\"height: 224px; width: 320px;\">Maria Jefferds et Donnie Whitehead (CDC)<\/td>\n<\/tr>\n<tr style=\"height: 144px;\">\n<td style=\"height: 144px; width: 480px;\">Examen du projet de note technique<\/p>\n<ul>\n<li>Discussion en petits groupes<\/li>\n<li>Examen et r\u00e9vision du projet de note technique sur l&rsquo;\u00e9valuation de la carence en vitamine A<\/li>\n<\/ul>\n<\/td>\n<td style=\"height: 144px; width: 320px;\">Katie Tripp (CDC)<\/td>\n<\/tr>\n<tr style=\"height: 24px;\">\n<td style=\"height: 24px; width: 480px;\">R\u00e9sum\u00e9 et synth\u00e8se<\/td>\n<td style=\"height: 24px; width: 320px;\">Alison Greig (NI)<\/td>\n<\/tr>\n<\/tbody>\n<\/table>\n<p>&nbsp;<\/p>\n<hr \/>\n<p style=\"text-align: center;\"><a href=\"https:\/\/gava.org\/fr\/rencontres-evenements\/consultation-technique-2017\">Aper\u00e7u de la r\u00e9union<\/a> &#8211; <a href=\"https:\/\/gava.org\/fr\/rencontres-evenements\/consultation-technique-2017\/liste-des-participants\/\">Liste des participants<\/a><\/p>\n<hr \/>\n","protected":false},"excerpt":{"rendered":"<p>ATLANTA, \u00c9TATS-UNIS ; 29 AO\u00dbT 2017 Aper\u00e7u de la r\u00e9union &#8211; Liste des participants Session Chef de s\u00e9ance Introduction et r\u00e9sultats de la consultation Rolf Klemm (HKI) Point de l&rsquo;OMS sur le processus de mise \u00e0 jour des indicateurs pour \u00e9valuer les carences Recommandations actuelles Note conceptuelle pour mettre \u00e0 jour les indicateurs de la [&hellip;]<\/p>\n","protected":false},"author":4,"featured_media":0,"parent":518,"menu_order":0,"comment_status":"closed","ping_status":"closed","template":"","meta":{"footnotes":""},"class_list":["post-520","page","type-page","status-publish","hentry"],"yoast_head":"<!-- This site is optimized with the Yoast SEO plugin v27.3 - https:\/\/yoast.com\/product\/yoast-seo-wordpress\/ -->\n<title>Ordre du jour - The Global Alliance for Vitamin A (GAVA)<\/title>\n<meta name=\"robots\" content=\"index, follow, max-snippet:-1, max-image-preview:large, max-video-preview:-1\" \/>\n<link rel=\"canonical\" href=\"https:\/\/gava.org\/fr\/rencontres-evenements\/consultation-technique-2017\/ordre-du-jour\/\" \/>\n<meta property=\"og:locale\" content=\"fr_FR\" \/>\n<meta property=\"og:type\" content=\"article\" \/>\n<meta property=\"og:title\" content=\"Ordre du jour - The Global Alliance for Vitamin A (GAVA)\" \/>\n<meta property=\"og:description\" content=\"ATLANTA, \u00c9TATS-UNIS ; 29 AO\u00dbT 2017 Aper\u00e7u de la r\u00e9union &#8211; Liste des participants Session Chef de s\u00e9ance Introduction et r\u00e9sultats de la consultation Rolf Klemm (HKI) Point de l&rsquo;OMS sur le processus de mise \u00e0 jour des indicateurs pour \u00e9valuer les carences Recommandations actuelles Note conceptuelle pour mettre \u00e0 jour les indicateurs de la [&hellip;]\" \/>\n<meta property=\"og:url\" content=\"https:\/\/gava.org\/fr\/rencontres-evenements\/consultation-technique-2017\/ordre-du-jour\/\" \/>\n<meta property=\"og:site_name\" content=\"The Global Alliance for Vitamin A (GAVA)\" \/>\n<meta property=\"article:modified_time\" content=\"2019-12-10T19:30:20+00:00\" \/>\n<meta property=\"og:image\" content=\"https:\/\/gava.org\/content\/user_files\/2017\/03\/gava_logo.png\" \/>\n\t<meta property=\"og:image:width\" content=\"341\" \/>\n\t<meta property=\"og:image:height\" content=\"160\" \/>\n\t<meta property=\"og:image:type\" content=\"image\/png\" \/>\n<meta name=\"twitter:card\" content=\"summary_large_image\" \/>\n<meta name=\"twitter:label1\" content=\"Dur\u00e9e de lecture estim\u00e9e\" \/>\n\t<meta name=\"twitter:data1\" content=\"1 minute\" \/>\n<script type=\"application\/ld+json\" class=\"yoast-schema-graph\">{\"@context\":\"https:\\\/\\\/schema.org\",\"@graph\":[{\"@type\":\"WebPage\",\"@id\":\"https:\\\/\\\/gava.org\\\/fr\\\/rencontres-evenements\\\/consultation-technique-2017\\\/ordre-du-jour\\\/\",\"url\":\"https:\\\/\\\/gava.org\\\/fr\\\/rencontres-evenements\\\/consultation-technique-2017\\\/ordre-du-jour\\\/\",\"name\":\"Ordre du jour - The Global Alliance for Vitamin A (GAVA)\",\"isPartOf\":{\"@id\":\"https:\\\/\\\/gava.org\\\/#website\"},\"datePublished\":\"2019-04-05T16:46:14+00:00\",\"dateModified\":\"2019-12-10T19:30:20+00:00\",\"breadcrumb\":{\"@id\":\"https:\\\/\\\/gava.org\\\/fr\\\/rencontres-evenements\\\/consultation-technique-2017\\\/ordre-du-jour\\\/#breadcrumb\"},\"inLanguage\":\"fr-FR\",\"potentialAction\":[{\"@type\":\"ReadAction\",\"target\":[\"https:\\\/\\\/gava.org\\\/fr\\\/rencontres-evenements\\\/consultation-technique-2017\\\/ordre-du-jour\\\/\"]}]},{\"@type\":\"BreadcrumbList\",\"@id\":\"https:\\\/\\\/gava.org\\\/fr\\\/rencontres-evenements\\\/consultation-technique-2017\\\/ordre-du-jour\\\/#breadcrumb\",\"itemListElement\":[{\"@type\":\"ListItem\",\"position\":1,\"name\":\"Accueil\",\"item\":\"https:\\\/\\\/gava.org\\\/fr\\\/\"},{\"@type\":\"ListItem\",\"position\":2,\"name\":\"Rencontres &#038; \u00e9v\u00e9nements\",\"item\":\"https:\\\/\\\/gava.org\\\/fr\\\/rencontres-evenements\\\/\"},{\"@type\":\"ListItem\",\"position\":3,\"name\":\"Consultation technique : Estimation de l\u2019\u00e9tat en vitamine A dans les \u00e9tudes de population\",\"item\":\"https:\\\/\\\/gava.org\\\/fr\\\/rencontres-evenements\\\/consultation-technique-2017\\\/\"},{\"@type\":\"ListItem\",\"position\":4,\"name\":\"Ordre du jour\"}]},{\"@type\":\"WebSite\",\"@id\":\"https:\\\/\\\/gava.org\\\/#website\",\"url\":\"https:\\\/\\\/gava.org\\\/\",\"name\":\"The Global Alliance for Vitamin A (GAVA)\",\"description\":\"The Global Alliance for Vitamin A (GAVA)\",\"publisher\":{\"@id\":\"https:\\\/\\\/gava.org\\\/#organization\"},\"potentialAction\":[{\"@type\":\"SearchAction\",\"target\":{\"@type\":\"EntryPoint\",\"urlTemplate\":\"https:\\\/\\\/gava.org\\\/?s={search_term_string}\"},\"query-input\":{\"@type\":\"PropertyValueSpecification\",\"valueRequired\":true,\"valueName\":\"search_term_string\"}}],\"inLanguage\":\"fr-FR\"},{\"@type\":\"Organization\",\"@id\":\"https:\\\/\\\/gava.org\\\/#organization\",\"name\":\"GAVA\",\"url\":\"https:\\\/\\\/gava.org\\\/\",\"logo\":{\"@type\":\"ImageObject\",\"inLanguage\":\"fr-FR\",\"@id\":\"https:\\\/\\\/gava.org\\\/#\\\/schema\\\/logo\\\/image\\\/\",\"url\":\"https:\\\/\\\/gava.org\\\/content\\\/user_files\\\/2017\\\/03\\\/gava_logo.png\",\"contentUrl\":\"https:\\\/\\\/gava.org\\\/content\\\/user_files\\\/2017\\\/03\\\/gava_logo.png\",\"width\":341,\"height\":160,\"caption\":\"GAVA\"},\"image\":{\"@id\":\"https:\\\/\\\/gava.org\\\/#\\\/schema\\\/logo\\\/image\\\/\"}}]}<\/script>\n<!-- \/ Yoast SEO plugin. -->","yoast_head_json":{"title":"Ordre du jour - The Global Alliance for Vitamin A (GAVA)","robots":{"index":"index","follow":"follow","max-snippet":"max-snippet:-1","max-image-preview":"max-image-preview:large","max-video-preview":"max-video-preview:-1"},"canonical":"https:\/\/gava.org\/fr\/rencontres-evenements\/consultation-technique-2017\/ordre-du-jour\/","og_locale":"fr_FR","og_type":"article","og_title":"Ordre du jour - The Global Alliance for Vitamin A (GAVA)","og_description":"ATLANTA, \u00c9TATS-UNIS ; 29 AO\u00dbT 2017 Aper\u00e7u de la r\u00e9union &#8211; Liste des participants Session Chef de s\u00e9ance Introduction et r\u00e9sultats de la consultation Rolf Klemm (HKI) Point de l&rsquo;OMS sur le processus de mise \u00e0 jour des indicateurs pour \u00e9valuer les carences Recommandations actuelles Note conceptuelle pour mettre \u00e0 jour les indicateurs de la [&hellip;]","og_url":"https:\/\/gava.org\/fr\/rencontres-evenements\/consultation-technique-2017\/ordre-du-jour\/","og_site_name":"The Global Alliance for Vitamin A (GAVA)","article_modified_time":"2019-12-10T19:30:20+00:00","og_image":[{"width":341,"height":160,"url":"https:\/\/gava.org\/content\/user_files\/2017\/03\/gava_logo.png","type":"image\/png"}],"twitter_card":"summary_large_image","twitter_misc":{"Dur\u00e9e de lecture estim\u00e9e":"1 minute"},"schema":{"@context":"https:\/\/schema.org","@graph":[{"@type":"WebPage","@id":"https:\/\/gava.org\/fr\/rencontres-evenements\/consultation-technique-2017\/ordre-du-jour\/","url":"https:\/\/gava.org\/fr\/rencontres-evenements\/consultation-technique-2017\/ordre-du-jour\/","name":"Ordre du jour - The Global Alliance for Vitamin A (GAVA)","isPartOf":{"@id":"https:\/\/gava.org\/#website"},"datePublished":"2019-04-05T16:46:14+00:00","dateModified":"2019-12-10T19:30:20+00:00","breadcrumb":{"@id":"https:\/\/gava.org\/fr\/rencontres-evenements\/consultation-technique-2017\/ordre-du-jour\/#breadcrumb"},"inLanguage":"fr-FR","potentialAction":[{"@type":"ReadAction","target":["https:\/\/gava.org\/fr\/rencontres-evenements\/consultation-technique-2017\/ordre-du-jour\/"]}]},{"@type":"BreadcrumbList","@id":"https:\/\/gava.org\/fr\/rencontres-evenements\/consultation-technique-2017\/ordre-du-jour\/#breadcrumb","itemListElement":[{"@type":"ListItem","position":1,"name":"Accueil","item":"https:\/\/gava.org\/fr\/"},{"@type":"ListItem","position":2,"name":"Rencontres &#038; \u00e9v\u00e9nements","item":"https:\/\/gava.org\/fr\/rencontres-evenements\/"},{"@type":"ListItem","position":3,"name":"Consultation technique : Estimation de l\u2019\u00e9tat en vitamine A dans les \u00e9tudes de population","item":"https:\/\/gava.org\/fr\/rencontres-evenements\/consultation-technique-2017\/"},{"@type":"ListItem","position":4,"name":"Ordre du jour"}]},{"@type":"WebSite","@id":"https:\/\/gava.org\/#website","url":"https:\/\/gava.org\/","name":"The Global Alliance for Vitamin A (GAVA)","description":"The Global Alliance for Vitamin A (GAVA)","publisher":{"@id":"https:\/\/gava.org\/#organization"},"potentialAction":[{"@type":"SearchAction","target":{"@type":"EntryPoint","urlTemplate":"https:\/\/gava.org\/?s={search_term_string}"},"query-input":{"@type":"PropertyValueSpecification","valueRequired":true,"valueName":"search_term_string"}}],"inLanguage":"fr-FR"},{"@type":"Organization","@id":"https:\/\/gava.org\/#organization","name":"GAVA","url":"https:\/\/gava.org\/","logo":{"@type":"ImageObject","inLanguage":"fr-FR","@id":"https:\/\/gava.org\/#\/schema\/logo\/image\/","url":"https:\/\/gava.org\/content\/user_files\/2017\/03\/gava_logo.png","contentUrl":"https:\/\/gava.org\/content\/user_files\/2017\/03\/gava_logo.png","width":341,"height":160,"caption":"GAVA"},"image":{"@id":"https:\/\/gava.org\/#\/schema\/logo\/image\/"}}]}},"_links":{"self":[{"href":"https:\/\/gava.org\/fr\/wp-json\/wp\/v2\/pages\/520","targetHints":{"allow":["GET"]}}],"collection":[{"href":"https:\/\/gava.org\/fr\/wp-json\/wp\/v2\/pages"}],"about":[{"href":"https:\/\/gava.org\/fr\/wp-json\/wp\/v2\/types\/page"}],"author":[{"embeddable":true,"href":"https:\/\/gava.org\/fr\/wp-json\/wp\/v2\/users\/4"}],"replies":[{"embeddable":true,"href":"https:\/\/gava.org\/fr\/wp-json\/wp\/v2\/comments?post=520"}],"version-history":[{"count":9,"href":"https:\/\/gava.org\/fr\/wp-json\/wp\/v2\/pages\/520\/revisions"}],"predecessor-version":[{"id":755,"href":"https:\/\/gava.org\/fr\/wp-json\/wp\/v2\/pages\/520\/revisions\/755"}],"up":[{"embeddable":true,"href":"https:\/\/gava.org\/fr\/wp-json\/wp\/v2\/pages\/518"}],"wp:attachment":[{"href":"https:\/\/gava.org\/fr\/wp-json\/wp\/v2\/media?parent=520"}],"curies":[{"name":"wp","href":"https:\/\/api.w.org\/{rel}","templated":true}]}}