{"id":523,"date":"2019-04-05T12:58:33","date_gmt":"2019-04-05T16:58:33","guid":{"rendered":"https:\/\/gava.org\/?page_id=523"},"modified":"2019-12-10T14:29:43","modified_gmt":"2019-12-10T19:29:43","slug":"liste-des-participants","status":"publish","type":"page","link":"https:\/\/gava.org\/fr\/rencontres-evenements\/consultation-technique-2017\/liste-des-participants\/","title":{"rendered":"Liste des Participants"},"content":{"rendered":"<p style=\"text-align: center;\">ATLANTA, \u00c9TATS-UNIS ; 29 AO\u00dbT 2017<\/p>\n<p style=\"text-align: center;\"><a href=\"https:\/\/gava.org\/fr\/rencontres-evenements\/consultation-technique-2017\/\">Aper\u00e7u de la r\u00e9union<\/a> &#8211; <a href=\"https:\/\/gava.org\/fr\/rencontres-evenements\/consultation-technique-2017\/ordre-du-jour\">Ordre du jour<\/a><\/p>\n<hr \/>\n<table class=\"centerThis\" border=\"1\" cellspacing=\"0\" cellpadding=\"10\">\n<thead>\n<tr>\n<td><strong>Organisation\/Affiliation<\/strong><\/td>\n<td><strong>Participant<\/strong><\/td>\n<\/tr>\n<tr>\n<td rowspan=\"1\" width=\"350\" height=\"24\">Nutrition International<\/td>\n<td width=\"299\">Alison Greig<\/td>\n<\/tr>\n<tr>\n<td rowspan=\"1\" width=\"350\" height=\"24\">Helen Keller International<\/td>\n<td width=\"299\">Rolf Klemm<\/td>\n<\/tr>\n<tr>\n<td rowspan=\"2\" width=\"350\" height=\"48\">UNICEF<\/td>\n<td width=\"299\">Roland Kupka<\/td>\n<\/tr>\n<tr>\n<td width=\"299\">Erin McLean<\/td>\n<\/tr>\n<tr>\n<td rowspan=\"1\" width=\"350\" height=\"24\">University of Wisconsin<\/td>\n<td width=\"299\">Sherry Tanumihardjo<\/td>\n<\/tr>\n<tr>\n<td rowspan=\"1\" width=\"350\" height=\"24\">Craft Technologies<\/td>\n<td width=\"299\">Neal Craft<\/td>\n<\/tr>\n<tr>\n<td rowspan=\"1\" width=\"350\" height=\"24\">University of Newcastle<\/td>\n<td width=\"299\">George Lietz<\/td>\n<\/tr>\n<tr>\n<td rowspan=\"2\" width=\"350\" height=\"48\">University of California, Davis<\/td>\n<td width=\"299\">Reina Engle-Stone<\/td>\n<\/tr>\n<tr>\n<td width=\"299\">Marjory Haskell<\/td>\n<\/tr>\n<tr>\n<td rowspan=\"1\" width=\"350\" height=\"24\">Johns Hopkins University<\/td>\n<td width=\"299\">Amanda Palmer<\/td>\n<\/tr>\n<tr>\n<td rowspan=\"1\" width=\"350\" height=\"24\">WHO<\/td>\n<td width=\"299\">Lisa Rogers<\/td>\n<\/tr>\n<tr>\n<td rowspan=\"16\" width=\"350\" height=\"384\">Centers for Disease Control &amp; Prevention (CDC)<\/td>\n<td width=\"299\">Yaw Addo<\/td>\n<\/tr>\n<tr>\n<td width=\"299\">Victor Akelo<\/td>\n<\/tr>\n<tr>\n<td width=\"299\">Madhu Chaudhury<\/td>\n<\/tr>\n<tr>\n<td width=\"299\">Rafael Flores<\/td>\n<\/tr>\n<tr>\n<td width=\"299\">Nicole Ford<\/td>\n<\/tr>\n<tr>\n<td width=\"299\">Maria Jefferds<\/td>\n<\/tr>\n<tr>\n<td width=\"299\">Cassandra Pickens<\/td>\n<\/tr>\n<tr>\n<td width=\"299\">Laird Ruth<\/td>\n<\/tr>\n<tr>\n<td width=\"299\">Rosemary Schleicher<\/td>\n<\/tr>\n<tr>\n<td width=\"299\">Mary Serdula<\/td>\n<\/tr>\n<tr>\n<td width=\"299\">Andrea Sharma<\/td>\n<\/tr>\n<tr>\n<td width=\"299\">Parmi Suchdev (CDC\/Emory)<\/td>\n<\/tr>\n<tr>\n<td width=\"299\">Katie Tripp<\/td>\n<\/tr>\n<tr>\n<td width=\"299\">Donnie Whitehead<\/td>\n<\/tr>\n<tr>\n<td width=\"299\">Anne Williams<\/td>\n<\/tr>\n<tr>\n<td width=\"299\">Mindy Zhang<\/td>\n<\/tr>\n<\/thead>\n<\/table>\n<p>&nbsp;<\/p>\n<hr \/>\n<p style=\"text-align: center;\"><a href=\"https:\/\/gava.org\/fr\/rencontres-evenements\/consultation-technique-2017\/\">Aper\u00e7u de la r\u00e9union<\/a> &#8211; <a href=\"https:\/\/gava.org\/fr\/rencontres-evenements\/consultation-technique-2017\/ordre-du-jour\">Ordre du jour<\/a><\/p>\n<hr \/>\n","protected":false},"excerpt":{"rendered":"<p>ATLANTA, \u00c9TATS-UNIS ; 29 AO\u00dbT 2017 Aper\u00e7u de la r\u00e9union &#8211; Ordre du jour Organisation\/Affiliation Participant Nutrition International Alison Greig Helen Keller International Rolf Klemm UNICEF Roland Kupka Erin McLean University of Wisconsin Sherry Tanumihardjo Craft Technologies Neal Craft University of Newcastle George Lietz University of California, Davis Reina Engle-Stone Marjory Haskell Johns Hopkins University [&hellip;]<\/p>\n","protected":false},"author":4,"featured_media":0,"parent":518,"menu_order":0,"comment_status":"closed","ping_status":"closed","template":"","meta":{"footnotes":""},"class_list":["post-523","page","type-page","status-publish","hentry"],"yoast_head":"<!-- This site is optimized with the Yoast SEO plugin v27.3 - https:\/\/yoast.com\/product\/yoast-seo-wordpress\/ -->\n<title>Liste des Participants - The Global Alliance for Vitamin A (GAVA)<\/title>\n<meta name=\"robots\" content=\"index, follow, max-snippet:-1, max-image-preview:large, max-video-preview:-1\" \/>\n<link rel=\"canonical\" href=\"https:\/\/gava.org\/fr\/rencontres-evenements\/consultation-technique-2017\/liste-des-participants\/\" \/>\n<meta property=\"og:locale\" content=\"fr_FR\" \/>\n<meta property=\"og:type\" content=\"article\" \/>\n<meta property=\"og:title\" content=\"Liste des Participants - The Global Alliance for Vitamin A (GAVA)\" \/>\n<meta property=\"og:description\" content=\"ATLANTA, \u00c9TATS-UNIS ; 29 AO\u00dbT 2017 Aper\u00e7u de la r\u00e9union &#8211; Ordre du jour Organisation\/Affiliation Participant Nutrition International Alison Greig Helen Keller International Rolf Klemm UNICEF Roland Kupka Erin McLean University of Wisconsin Sherry Tanumihardjo Craft Technologies Neal Craft University of Newcastle George Lietz University of California, Davis Reina Engle-Stone Marjory Haskell Johns Hopkins University [&hellip;]\" \/>\n<meta property=\"og:url\" content=\"https:\/\/gava.org\/fr\/rencontres-evenements\/consultation-technique-2017\/liste-des-participants\/\" \/>\n<meta property=\"og:site_name\" content=\"The Global Alliance for Vitamin A (GAVA)\" \/>\n<meta property=\"article:modified_time\" content=\"2019-12-10T19:29:43+00:00\" \/>\n<meta property=\"og:image\" content=\"https:\/\/gava.org\/content\/user_files\/2017\/03\/gava_logo.png\" \/>\n\t<meta property=\"og:image:width\" content=\"341\" \/>\n\t<meta property=\"og:image:height\" content=\"160\" \/>\n\t<meta property=\"og:image:type\" content=\"image\/png\" \/>\n<meta name=\"twitter:card\" content=\"summary_large_image\" \/>\n<meta name=\"twitter:label1\" content=\"Dur\u00e9e de lecture estim\u00e9e\" \/>\n\t<meta name=\"twitter:data1\" content=\"1 minute\" \/>\n<script type=\"application\/ld+json\" class=\"yoast-schema-graph\">{\"@context\":\"https:\\\/\\\/schema.org\",\"@graph\":[{\"@type\":\"WebPage\",\"@id\":\"https:\\\/\\\/gava.org\\\/fr\\\/rencontres-evenements\\\/consultation-technique-2017\\\/liste-des-participants\\\/\",\"url\":\"https:\\\/\\\/gava.org\\\/fr\\\/rencontres-evenements\\\/consultation-technique-2017\\\/liste-des-participants\\\/\",\"name\":\"Liste des Participants - The Global Alliance for Vitamin A (GAVA)\",\"isPartOf\":{\"@id\":\"https:\\\/\\\/gava.org\\\/#website\"},\"datePublished\":\"2019-04-05T16:58:33+00:00\",\"dateModified\":\"2019-12-10T19:29:43+00:00\",\"breadcrumb\":{\"@id\":\"https:\\\/\\\/gava.org\\\/fr\\\/rencontres-evenements\\\/consultation-technique-2017\\\/liste-des-participants\\\/#breadcrumb\"},\"inLanguage\":\"fr-FR\",\"potentialAction\":[{\"@type\":\"ReadAction\",\"target\":[\"https:\\\/\\\/gava.org\\\/fr\\\/rencontres-evenements\\\/consultation-technique-2017\\\/liste-des-participants\\\/\"]}]},{\"@type\":\"BreadcrumbList\",\"@id\":\"https:\\\/\\\/gava.org\\\/fr\\\/rencontres-evenements\\\/consultation-technique-2017\\\/liste-des-participants\\\/#breadcrumb\",\"itemListElement\":[{\"@type\":\"ListItem\",\"position\":1,\"name\":\"Accueil\",\"item\":\"https:\\\/\\\/gava.org\\\/fr\\\/\"},{\"@type\":\"ListItem\",\"position\":2,\"name\":\"Rencontres &#038; \u00e9v\u00e9nements\",\"item\":\"https:\\\/\\\/gava.org\\\/fr\\\/rencontres-evenements\\\/\"},{\"@type\":\"ListItem\",\"position\":3,\"name\":\"Consultation technique : Estimation de l\u2019\u00e9tat en vitamine A dans les \u00e9tudes de population\",\"item\":\"https:\\\/\\\/gava.org\\\/fr\\\/rencontres-evenements\\\/consultation-technique-2017\\\/\"},{\"@type\":\"ListItem\",\"position\":4,\"name\":\"Liste des Participants\"}]},{\"@type\":\"WebSite\",\"@id\":\"https:\\\/\\\/gava.org\\\/#website\",\"url\":\"https:\\\/\\\/gava.org\\\/\",\"name\":\"The Global Alliance for Vitamin A (GAVA)\",\"description\":\"The Global Alliance for Vitamin A (GAVA)\",\"publisher\":{\"@id\":\"https:\\\/\\\/gava.org\\\/#organization\"},\"potentialAction\":[{\"@type\":\"SearchAction\",\"target\":{\"@type\":\"EntryPoint\",\"urlTemplate\":\"https:\\\/\\\/gava.org\\\/?s={search_term_string}\"},\"query-input\":{\"@type\":\"PropertyValueSpecification\",\"valueRequired\":true,\"valueName\":\"search_term_string\"}}],\"inLanguage\":\"fr-FR\"},{\"@type\":\"Organization\",\"@id\":\"https:\\\/\\\/gava.org\\\/#organization\",\"name\":\"GAVA\",\"url\":\"https:\\\/\\\/gava.org\\\/\",\"logo\":{\"@type\":\"ImageObject\",\"inLanguage\":\"fr-FR\",\"@id\":\"https:\\\/\\\/gava.org\\\/#\\\/schema\\\/logo\\\/image\\\/\",\"url\":\"https:\\\/\\\/gava.org\\\/content\\\/user_files\\\/2017\\\/03\\\/gava_logo.png\",\"contentUrl\":\"https:\\\/\\\/gava.org\\\/content\\\/user_files\\\/2017\\\/03\\\/gava_logo.png\",\"width\":341,\"height\":160,\"caption\":\"GAVA\"},\"image\":{\"@id\":\"https:\\\/\\\/gava.org\\\/#\\\/schema\\\/logo\\\/image\\\/\"}}]}<\/script>\n<!-- \/ Yoast SEO plugin. -->","yoast_head_json":{"title":"Liste des Participants - The Global Alliance for Vitamin A (GAVA)","robots":{"index":"index","follow":"follow","max-snippet":"max-snippet:-1","max-image-preview":"max-image-preview:large","max-video-preview":"max-video-preview:-1"},"canonical":"https:\/\/gava.org\/fr\/rencontres-evenements\/consultation-technique-2017\/liste-des-participants\/","og_locale":"fr_FR","og_type":"article","og_title":"Liste des Participants - The Global Alliance for Vitamin A (GAVA)","og_description":"ATLANTA, \u00c9TATS-UNIS ; 29 AO\u00dbT 2017 Aper\u00e7u de la r\u00e9union &#8211; Ordre du jour Organisation\/Affiliation Participant Nutrition International Alison Greig Helen Keller International Rolf Klemm UNICEF Roland Kupka Erin McLean University of Wisconsin Sherry Tanumihardjo Craft Technologies Neal Craft University of Newcastle George Lietz University of California, Davis Reina Engle-Stone Marjory Haskell Johns Hopkins University [&hellip;]","og_url":"https:\/\/gava.org\/fr\/rencontres-evenements\/consultation-technique-2017\/liste-des-participants\/","og_site_name":"The Global Alliance for Vitamin A (GAVA)","article_modified_time":"2019-12-10T19:29:43+00:00","og_image":[{"width":341,"height":160,"url":"https:\/\/gava.org\/content\/user_files\/2017\/03\/gava_logo.png","type":"image\/png"}],"twitter_card":"summary_large_image","twitter_misc":{"Dur\u00e9e de lecture estim\u00e9e":"1 minute"},"schema":{"@context":"https:\/\/schema.org","@graph":[{"@type":"WebPage","@id":"https:\/\/gava.org\/fr\/rencontres-evenements\/consultation-technique-2017\/liste-des-participants\/","url":"https:\/\/gava.org\/fr\/rencontres-evenements\/consultation-technique-2017\/liste-des-participants\/","name":"Liste des Participants - The Global Alliance for Vitamin A (GAVA)","isPartOf":{"@id":"https:\/\/gava.org\/#website"},"datePublished":"2019-04-05T16:58:33+00:00","dateModified":"2019-12-10T19:29:43+00:00","breadcrumb":{"@id":"https:\/\/gava.org\/fr\/rencontres-evenements\/consultation-technique-2017\/liste-des-participants\/#breadcrumb"},"inLanguage":"fr-FR","potentialAction":[{"@type":"ReadAction","target":["https:\/\/gava.org\/fr\/rencontres-evenements\/consultation-technique-2017\/liste-des-participants\/"]}]},{"@type":"BreadcrumbList","@id":"https:\/\/gava.org\/fr\/rencontres-evenements\/consultation-technique-2017\/liste-des-participants\/#breadcrumb","itemListElement":[{"@type":"ListItem","position":1,"name":"Accueil","item":"https:\/\/gava.org\/fr\/"},{"@type":"ListItem","position":2,"name":"Rencontres &#038; \u00e9v\u00e9nements","item":"https:\/\/gava.org\/fr\/rencontres-evenements\/"},{"@type":"ListItem","position":3,"name":"Consultation technique : Estimation de l\u2019\u00e9tat en vitamine A dans les \u00e9tudes de population","item":"https:\/\/gava.org\/fr\/rencontres-evenements\/consultation-technique-2017\/"},{"@type":"ListItem","position":4,"name":"Liste des Participants"}]},{"@type":"WebSite","@id":"https:\/\/gava.org\/#website","url":"https:\/\/gava.org\/","name":"The Global Alliance for Vitamin A (GAVA)","description":"The Global Alliance for Vitamin A (GAVA)","publisher":{"@id":"https:\/\/gava.org\/#organization"},"potentialAction":[{"@type":"SearchAction","target":{"@type":"EntryPoint","urlTemplate":"https:\/\/gava.org\/?s={search_term_string}"},"query-input":{"@type":"PropertyValueSpecification","valueRequired":true,"valueName":"search_term_string"}}],"inLanguage":"fr-FR"},{"@type":"Organization","@id":"https:\/\/gava.org\/#organization","name":"GAVA","url":"https:\/\/gava.org\/","logo":{"@type":"ImageObject","inLanguage":"fr-FR","@id":"https:\/\/gava.org\/#\/schema\/logo\/image\/","url":"https:\/\/gava.org\/content\/user_files\/2017\/03\/gava_logo.png","contentUrl":"https:\/\/gava.org\/content\/user_files\/2017\/03\/gava_logo.png","width":341,"height":160,"caption":"GAVA"},"image":{"@id":"https:\/\/gava.org\/#\/schema\/logo\/image\/"}}]}},"_links":{"self":[{"href":"https:\/\/gava.org\/fr\/wp-json\/wp\/v2\/pages\/523","targetHints":{"allow":["GET"]}}],"collection":[{"href":"https:\/\/gava.org\/fr\/wp-json\/wp\/v2\/pages"}],"about":[{"href":"https:\/\/gava.org\/fr\/wp-json\/wp\/v2\/types\/page"}],"author":[{"embeddable":true,"href":"https:\/\/gava.org\/fr\/wp-json\/wp\/v2\/users\/4"}],"replies":[{"embeddable":true,"href":"https:\/\/gava.org\/fr\/wp-json\/wp\/v2\/comments?post=523"}],"version-history":[{"count":12,"href":"https:\/\/gava.org\/fr\/wp-json\/wp\/v2\/pages\/523\/revisions"}],"predecessor-version":[{"id":754,"href":"https:\/\/gava.org\/fr\/wp-json\/wp\/v2\/pages\/523\/revisions\/754"}],"up":[{"embeddable":true,"href":"https:\/\/gava.org\/fr\/wp-json\/wp\/v2\/pages\/518"}],"wp:attachment":[{"href":"https:\/\/gava.org\/fr\/wp-json\/wp\/v2\/media?parent=523"}],"curies":[{"name":"wp","href":"https:\/\/api.w.org\/{rel}","templated":true}]}}