{"id":526,"date":"2019-04-05T13:13:56","date_gmt":"2019-04-05T17:13:56","guid":{"rendered":"https:\/\/gava.org\/?page_id=526"},"modified":"2019-04-10T13:07:41","modified_gmt":"2019-04-10T17:07:41","slug":"symposium-regional-2016","status":"publish","type":"page","link":"https:\/\/gava.org\/fr\/rencontres-evenements\/symposium-regional-2016\/","title":{"rendered":"Symposium r\u00e9gional : Suppl\u00e9mentation en vitamine A pour la survie de l&rsquo;enfant en Afrique Subsaharienne"},"content":{"rendered":"<p style=\"text-align: center;\">DAKAR, S\u00c9N\u00c9GAL ; 4 au 6 AVRIL 2016<\/p>\n<p style=\"text-align: center;\"><a href=\"https:\/\/gava.org\/fr\/rencontres-evenements\/symposium-regional-2016\/declaration-finale\/\">D\u00e9claration finale<\/a> &#8211;\u00a0<a href=\"https:\/\/gava.org\/fr\/rencontres-evenements\/symposium-regional-2016\/presentations\/\">Pr\u00e9sentations<\/a> &#8211;\u00a0<a href=\"https:\/\/gava.org\/fr\/rencontres-evenements\/symposium-regional-2016\/liste-participants\/\">Liste des participants<\/a> &#8211;\u00a0<a href=\"https:\/\/gava.org\/content\/user_files\/2019\/04\/VAS-symposium-report-french.pdf\" target=\"_blank\" rel=\"noopener noreferrer\">Rapport complet<\/a><\/p>\n<hr \/>\n<p>L&rsquo;Alliance mondiale pour la vitamine A (GAVA), par l&rsquo;interm\u00e9diaire de ses partenaires techniques (Center for Disease Control and Prevention &#8211; CDC ; Helen Keller International &#8211; HKI ; Nutrition International &#8211; NI ; et l\u2019UNICEF), a organis\u00e9 un atelier r\u00e9gional de trois jours \u00e0 Dakar, S\u00e9n\u00e9gal du 4 au 6 avril 2016. L&rsquo;atelier a r\u00e9uni environ 120 participants de 23 pays d&rsquo;Afrique subsaharienne repr\u00e9sentant les secteurs de la nutrition et de la vaccination, des d\u00e9cideurs et des gestionnaires des minist\u00e8res de la Sant\u00e9, des partenaires techniques nationaux, r\u00e9gionaux et mondiaux de GAVA et d&rsquo;Affaires mondiales Canada.<\/p>\n<p>L&rsquo;objectif de l&rsquo;atelier \u00e9tait de faire la revue des programmes de suppl\u00e9mentation en vitamine A en Afrique subsaharienne \u00e0 la lumi\u00e8re des changements \u00e9pid\u00e9miologiques et programmatiques et d&rsquo;\u00e9laborer des feuilles de route nationales pour les cinq ann\u00e9es suivantes. Plus pr\u00e9cis\u00e9ment, l&rsquo;atelier visait \u00e0 :<\/p>\n<ul>\n<li>Revoir et r\u00e9affirmer la pertinence de la suppl\u00e9mentation en vitamine A en tant qu&rsquo;intervention pour la survie de l&rsquo;enfant dans la r\u00e9gion ;<\/li>\n<li>Evaluer les mod\u00e8les de distribution, en particulier \u00e0 la lumi\u00e8re de l&rsquo;\u00e9limination progressive des campagnes contre la polio ;<\/li>\n<li>Partager les exp\u00e9riences et les meilleures pratiques en mati\u00e8re de prestation de suppl\u00e9mentation en vitamine A, en mettant l&rsquo;accent sur les Journ\u00e9es de la Sant\u00e9 de l&rsquo;Enfant et autres strat\u00e9gies de sensibilisation communautaire ;<\/li>\n<li>Identifier des moyens de mieux int\u00e9grer les VAS dans les syst\u00e8mes de prestation de soins de sant\u00e9 existants, y compris, mais sans s&rsquo;y limiter, le EPI, et<\/li>\n<li>\u00c9laborer des strat\u00e9gies pour accro\u00eetre le soutien et l&rsquo;institutionnalisation de la suppl\u00e9mentation en vitamine A en tant que composante importante d&rsquo;un ensemble de services visant \u00e0 am\u00e9liorer la survie de l&rsquo;enfant en Afrique.<\/li>\n<\/ul>\n<p>Tout au long de l&rsquo;atelier, les participants ont d\u00e9velopp\u00e9, examin\u00e9 et sont parvenus \u00e0 un consensus sur des points cl\u00e9s \u00e0 inclure dans un \u00e9nonc\u00e9 de r\u00e9sultats d\u00e9claratif intitul\u00e9 \u00a0\u00bb La suppl\u00e9mentation en vitamine A reste vitale en Afrique subsaharienne \u00ab\u00a0. Les participants ont convenu d&rsquo;utiliser la D\u00e9claration pour pr\u00e9coniser et \u00e9clairer les mesures prioritaires pour l&rsquo;int\u00e9gration de la suppl\u00e9mentation en vitamine A dans le syst\u00e8me de sant\u00e9 de leur pays et pour travailler \u00e0 son institutionnalisation. Parmi les \u00e9l\u00e9ments cl\u00e9s de cet engagement \u00e0 l&rsquo;\u00e9gard du plaidoyer partag\u00e9s entre les participants, mentionnons la n\u00e9cessit\u00e9 de :<\/p>\n<ul>\n<li>\u00c9laborer des strat\u00e9gies de plaidoyer sp\u00e9cifiques \u00e0 chaque pays en s&rsquo;appuyant sur la D\u00e9claration ;<\/li>\n<li>Plaider en faveur d&rsquo;un poste budg\u00e9taire sp\u00e9cifique \u00e0 la nutrition et aux activit\u00e9s dans le cadre desquelles les suppl\u00e9ments de vitamine A peuvent \u00eatre int\u00e9gr\u00e9s dans les budgets nationaux de la sant\u00e9 ;<\/li>\n<li>Cibler les dirigeants politiques de haut niveau comme les parlementaires pour les sensibiliser aux avantages, \u00e0 la rentabilit\u00e9 et \u00e0 l&rsquo;importance de la suppl\u00e9mentation en vitamine A pour la survie de l&rsquo;enfant et les mobiliser en tant que principaux d\u00e9fenseurs de cette intervention ;<\/li>\n<li>Saisir toutes les occasions pertinentes pour promouvoir l&rsquo;importance d&rsquo;investir dans la suppl\u00e9mentation en vitamine A pour la survie de l&rsquo;enfant, comme les ateliers budg\u00e9taires ou strat\u00e9giques sur la nutrition et la sant\u00e9, les rencontres des organismes de coordination de la nutrition, les rencontres de planification de l&rsquo;h\u00e9ritage de la polio ou toute autre structure, rencontre et\/ou \u00e9v\u00e9nement pertinent \u00e0 grande visibilit\u00e9.<\/li>\n<\/ul>\n<p><a href=\"https:\/\/gava.org\/content\/user_files\/2019\/04\/VAS-symposium-report-french.pdf\"><strong>T\u00e9l\u00e9chargez<\/strong><\/a> le rapport complet du Symposium R\u00e9gional 2016 : Suppl\u00e9mentation en Vitamine A Pour la Survie de l&rsquo;Enfant en Afrique Subsaharienne, ou cliquez sur les liens ci-apr\u00e8s pour de plus amples informations sur le Symposium du Symposium r\u00e9gional 2016 de la VAS<\/p>\n<p style=\"text-align: center;\"><a href=\"https:\/\/gava.org\/fr\/rencontres-evenements\/symposium-regional-2016\/declaration-finale\/\">D\u00e9claration finale<\/a> &#8211;\u00a0<a href=\"https:\/\/gava.org\/fr\/rencontres-evenements\/symposium-regional-2016\/presentations\/\">Pr\u00e9sentations<\/a> &#8211;\u00a0<a href=\"https:\/\/gava.org\/fr\/rencontres-evenements\/symposium-regional-2016\/liste-participants\/\">Liste des participants<\/a> &#8211;\u00a0<a href=\"https:\/\/gava.org\/content\/user_files\/2019\/04\/VAS-symposium-report-french.pdf\" target=\"_blank\" rel=\"noopener noreferrer\">Rapport complet<\/a><\/p>\n<hr \/>\n<p style=\"text-align: center;\"><img loading=\"lazy\" decoding=\"async\" class=\"size-full wp-image-132 aligncenter\" src=\"https:\/\/gava.org\/content\/user_files\/2016\/12\/participants.jpg\" alt=\"\" width=\"1100\" height=\"371\" srcset=\"https:\/\/gava.org\/content\/user_files\/2016\/12\/participants.jpg 1100w, https:\/\/gava.org\/content\/user_files\/2016\/12\/participants-300x101.jpg 300w, https:\/\/gava.org\/content\/user_files\/2016\/12\/participants-768x259.jpg 768w, https:\/\/gava.org\/content\/user_files\/2016\/12\/participants-1024x345.jpg 1024w\" sizes=\"auto, (max-width: 1100px) 100vw, 1100px\" \/><\/p>\n<p>&nbsp;<\/p>\n<p><strong>Ressources connexes<\/strong><\/p>\n<ul>\n<li>Suppl\u00e9mentation en vitamine A pour les nourrissons et les enfants de 6 \u00e0 59 mois (OMS) :\u00a0 <a href=\"http:\/\/www.who.int\/nutrition\/publications\/micronutrients\/guidelines\/vas_6to59_months\/en\/\" target=\"_blank\" rel=\"noopener noreferrer\">English<\/a> \u2013\u00a0<a href=\"http:\/\/www.who.int\/nutrition\/publications\/micronutrients\/guidelines\/vas_6to59_months\/fr\/\" target=\"_blank\" rel=\"noopener noreferrer\">French<\/a><\/li>\n<li><a href=\"https:\/\/gava.org\/content\/user_files\/2016\/12\/Stevens-G-et-al-Trends-and-mortality-effects-of-VAD-in-children-in-238-LMIC-countries-1991-2013-Lancet-2015.pdf\" target=\"_blank\" rel=\"noopener noreferrer\">Trends and mortality effects of VAD in children in 238 LMIC countries 1991-2013<\/a> (Stevens G. et al; Lancet, 2015)<\/li>\n<li><a href=\"https:\/\/gava.org\/content\/user_files\/2016\/12\/Vitamin-A-supplementation-for-preventing-morbidity-and-mortality-in-children-from-6-months-to-5-years-of-age.-Cochrane-Database-of-Systematic-Reviews-2010.pdf\" target=\"_blank\" rel=\"noopener noreferrer\">Vitamin A supplementation for preventing morbidity and mortality in children from 6 months to 5 years of age<\/a> (Imdad A. et al; Cochrane Database of Systematic Reviews, 2010)<\/li>\n<\/ul>\n","protected":false},"excerpt":{"rendered":"<p>DAKAR, S\u00c9N\u00c9GAL ; 4 au 6 AVRIL 2016 D\u00e9claration finale &#8211;\u00a0Pr\u00e9sentations &#8211;\u00a0Liste des participants &#8211;\u00a0Rapport complet L&rsquo;Alliance mondiale pour la vitamine A (GAVA), par l&rsquo;interm\u00e9diaire de ses partenaires techniques (Center for Disease Control and Prevention &#8211; CDC ; Helen Keller International &#8211; HKI ; Nutrition International &#8211; NI ; et l\u2019UNICEF), a organis\u00e9 un atelier [&hellip;]<\/p>\n","protected":false},"author":4,"featured_media":0,"parent":510,"menu_order":0,"comment_status":"closed","ping_status":"closed","template":"","meta":{"footnotes":""},"class_list":["post-526","page","type-page","status-publish","hentry"],"yoast_head":"<!-- This site is optimized with the Yoast SEO plugin v27.3 - https:\/\/yoast.com\/product\/yoast-seo-wordpress\/ -->\n<title>Symposium r\u00e9gional : Suppl\u00e9mentation en vitamine A pour la survie de l&#039;enfant en Afrique Subsaharienne - The Global Alliance for Vitamin A (GAVA)<\/title>\n<meta name=\"robots\" content=\"index, follow, max-snippet:-1, max-image-preview:large, max-video-preview:-1\" \/>\n<link rel=\"canonical\" href=\"https:\/\/gava.org\/fr\/rencontres-evenements\/symposium-regional-2016\/\" \/>\n<meta property=\"og:locale\" content=\"fr_FR\" \/>\n<meta property=\"og:type\" content=\"article\" \/>\n<meta property=\"og:title\" content=\"Symposium r\u00e9gional : Suppl\u00e9mentation en vitamine A pour la survie de l&#039;enfant en Afrique Subsaharienne - The Global Alliance for Vitamin A (GAVA)\" \/>\n<meta property=\"og:description\" content=\"DAKAR, S\u00c9N\u00c9GAL ; 4 au 6 AVRIL 2016 D\u00e9claration finale &#8211;\u00a0Pr\u00e9sentations &#8211;\u00a0Liste des participants &#8211;\u00a0Rapport complet L&rsquo;Alliance mondiale pour la vitamine A (GAVA), par l&rsquo;interm\u00e9diaire de ses partenaires techniques (Center for Disease Control and Prevention &#8211; CDC ; Helen Keller International &#8211; HKI ; Nutrition International &#8211; NI ; et l\u2019UNICEF), a organis\u00e9 un atelier [&hellip;]\" \/>\n<meta property=\"og:url\" content=\"https:\/\/gava.org\/fr\/rencontres-evenements\/symposium-regional-2016\/\" \/>\n<meta property=\"og:site_name\" content=\"The Global Alliance for Vitamin A (GAVA)\" \/>\n<meta property=\"article:modified_time\" content=\"2019-04-10T17:07:41+00:00\" \/>\n<meta property=\"og:image\" content=\"https:\/\/gava.org\/content\/user_files\/2016\/12\/participants.jpg\" \/>\n<meta name=\"twitter:card\" content=\"summary_large_image\" \/>\n<meta name=\"twitter:label1\" content=\"Dur\u00e9e de lecture estim\u00e9e\" \/>\n\t<meta name=\"twitter:data1\" content=\"3 minutes\" \/>\n<script type=\"application\/ld+json\" class=\"yoast-schema-graph\">{\"@context\":\"https:\\\/\\\/schema.org\",\"@graph\":[{\"@type\":\"WebPage\",\"@id\":\"https:\\\/\\\/gava.org\\\/fr\\\/rencontres-evenements\\\/symposium-regional-2016\\\/\",\"url\":\"https:\\\/\\\/gava.org\\\/fr\\\/rencontres-evenements\\\/symposium-regional-2016\\\/\",\"name\":\"Symposium r\u00e9gional : Suppl\u00e9mentation en vitamine A pour la survie de l'enfant en Afrique Subsaharienne - The Global Alliance for Vitamin A (GAVA)\",\"isPartOf\":{\"@id\":\"https:\\\/\\\/gava.org\\\/#website\"},\"primaryImageOfPage\":{\"@id\":\"https:\\\/\\\/gava.org\\\/fr\\\/rencontres-evenements\\\/symposium-regional-2016\\\/#primaryimage\"},\"image\":{\"@id\":\"https:\\\/\\\/gava.org\\\/fr\\\/rencontres-evenements\\\/symposium-regional-2016\\\/#primaryimage\"},\"thumbnailUrl\":\"https:\\\/\\\/gava.org\\\/content\\\/user_files\\\/2016\\\/12\\\/participants.jpg\",\"datePublished\":\"2019-04-05T17:13:56+00:00\",\"dateModified\":\"2019-04-10T17:07:41+00:00\",\"breadcrumb\":{\"@id\":\"https:\\\/\\\/gava.org\\\/fr\\\/rencontres-evenements\\\/symposium-regional-2016\\\/#breadcrumb\"},\"inLanguage\":\"fr-FR\",\"potentialAction\":[{\"@type\":\"ReadAction\",\"target\":[\"https:\\\/\\\/gava.org\\\/fr\\\/rencontres-evenements\\\/symposium-regional-2016\\\/\"]}]},{\"@type\":\"ImageObject\",\"inLanguage\":\"fr-FR\",\"@id\":\"https:\\\/\\\/gava.org\\\/fr\\\/rencontres-evenements\\\/symposium-regional-2016\\\/#primaryimage\",\"url\":\"https:\\\/\\\/gava.org\\\/content\\\/user_files\\\/2016\\\/12\\\/participants.jpg\",\"contentUrl\":\"https:\\\/\\\/gava.org\\\/content\\\/user_files\\\/2016\\\/12\\\/participants.jpg\"},{\"@type\":\"BreadcrumbList\",\"@id\":\"https:\\\/\\\/gava.org\\\/fr\\\/rencontres-evenements\\\/symposium-regional-2016\\\/#breadcrumb\",\"itemListElement\":[{\"@type\":\"ListItem\",\"position\":1,\"name\":\"Accueil\",\"item\":\"https:\\\/\\\/gava.org\\\/fr\\\/\"},{\"@type\":\"ListItem\",\"position\":2,\"name\":\"Rencontres &#038; \u00e9v\u00e9nements\",\"item\":\"https:\\\/\\\/gava.org\\\/fr\\\/rencontres-evenements\\\/\"},{\"@type\":\"ListItem\",\"position\":3,\"name\":\"Symposium r\u00e9gional : Suppl\u00e9mentation en vitamine A pour la survie de l&rsquo;enfant en Afrique Subsaharienne\"}]},{\"@type\":\"WebSite\",\"@id\":\"https:\\\/\\\/gava.org\\\/#website\",\"url\":\"https:\\\/\\\/gava.org\\\/\",\"name\":\"The Global Alliance for Vitamin A (GAVA)\",\"description\":\"The Global Alliance for Vitamin A (GAVA)\",\"publisher\":{\"@id\":\"https:\\\/\\\/gava.org\\\/#organization\"},\"potentialAction\":[{\"@type\":\"SearchAction\",\"target\":{\"@type\":\"EntryPoint\",\"urlTemplate\":\"https:\\\/\\\/gava.org\\\/?s={search_term_string}\"},\"query-input\":{\"@type\":\"PropertyValueSpecification\",\"valueRequired\":true,\"valueName\":\"search_term_string\"}}],\"inLanguage\":\"fr-FR\"},{\"@type\":\"Organization\",\"@id\":\"https:\\\/\\\/gava.org\\\/#organization\",\"name\":\"GAVA\",\"url\":\"https:\\\/\\\/gava.org\\\/\",\"logo\":{\"@type\":\"ImageObject\",\"inLanguage\":\"fr-FR\",\"@id\":\"https:\\\/\\\/gava.org\\\/#\\\/schema\\\/logo\\\/image\\\/\",\"url\":\"https:\\\/\\\/gava.org\\\/content\\\/user_files\\\/2017\\\/03\\\/gava_logo.png\",\"contentUrl\":\"https:\\\/\\\/gava.org\\\/content\\\/user_files\\\/2017\\\/03\\\/gava_logo.png\",\"width\":341,\"height\":160,\"caption\":\"GAVA\"},\"image\":{\"@id\":\"https:\\\/\\\/gava.org\\\/#\\\/schema\\\/logo\\\/image\\\/\"}}]}<\/script>\n<!-- \/ Yoast SEO plugin. -->","yoast_head_json":{"title":"Symposium r\u00e9gional : Suppl\u00e9mentation en vitamine A pour la survie de l'enfant en Afrique Subsaharienne - The Global Alliance for Vitamin A (GAVA)","robots":{"index":"index","follow":"follow","max-snippet":"max-snippet:-1","max-image-preview":"max-image-preview:large","max-video-preview":"max-video-preview:-1"},"canonical":"https:\/\/gava.org\/fr\/rencontres-evenements\/symposium-regional-2016\/","og_locale":"fr_FR","og_type":"article","og_title":"Symposium r\u00e9gional : Suppl\u00e9mentation en vitamine A pour la survie de l'enfant en Afrique Subsaharienne - The Global Alliance for Vitamin A (GAVA)","og_description":"DAKAR, S\u00c9N\u00c9GAL ; 4 au 6 AVRIL 2016 D\u00e9claration finale &#8211;\u00a0Pr\u00e9sentations &#8211;\u00a0Liste des participants &#8211;\u00a0Rapport complet L&rsquo;Alliance mondiale pour la vitamine A (GAVA), par l&rsquo;interm\u00e9diaire de ses partenaires techniques (Center for Disease Control and Prevention &#8211; CDC ; Helen Keller International &#8211; HKI ; Nutrition International &#8211; NI ; et l\u2019UNICEF), a organis\u00e9 un atelier [&hellip;]","og_url":"https:\/\/gava.org\/fr\/rencontres-evenements\/symposium-regional-2016\/","og_site_name":"The Global Alliance for Vitamin A (GAVA)","article_modified_time":"2019-04-10T17:07:41+00:00","og_image":[{"url":"https:\/\/gava.org\/content\/user_files\/2016\/12\/participants.jpg","type":"","width":"","height":""}],"twitter_card":"summary_large_image","twitter_misc":{"Dur\u00e9e de lecture estim\u00e9e":"3 minutes"},"schema":{"@context":"https:\/\/schema.org","@graph":[{"@type":"WebPage","@id":"https:\/\/gava.org\/fr\/rencontres-evenements\/symposium-regional-2016\/","url":"https:\/\/gava.org\/fr\/rencontres-evenements\/symposium-regional-2016\/","name":"Symposium r\u00e9gional : Suppl\u00e9mentation en vitamine A pour la survie de l'enfant en Afrique Subsaharienne - The Global Alliance for Vitamin A (GAVA)","isPartOf":{"@id":"https:\/\/gava.org\/#website"},"primaryImageOfPage":{"@id":"https:\/\/gava.org\/fr\/rencontres-evenements\/symposium-regional-2016\/#primaryimage"},"image":{"@id":"https:\/\/gava.org\/fr\/rencontres-evenements\/symposium-regional-2016\/#primaryimage"},"thumbnailUrl":"https:\/\/gava.org\/content\/user_files\/2016\/12\/participants.jpg","datePublished":"2019-04-05T17:13:56+00:00","dateModified":"2019-04-10T17:07:41+00:00","breadcrumb":{"@id":"https:\/\/gava.org\/fr\/rencontres-evenements\/symposium-regional-2016\/#breadcrumb"},"inLanguage":"fr-FR","potentialAction":[{"@type":"ReadAction","target":["https:\/\/gava.org\/fr\/rencontres-evenements\/symposium-regional-2016\/"]}]},{"@type":"ImageObject","inLanguage":"fr-FR","@id":"https:\/\/gava.org\/fr\/rencontres-evenements\/symposium-regional-2016\/#primaryimage","url":"https:\/\/gava.org\/content\/user_files\/2016\/12\/participants.jpg","contentUrl":"https:\/\/gava.org\/content\/user_files\/2016\/12\/participants.jpg"},{"@type":"BreadcrumbList","@id":"https:\/\/gava.org\/fr\/rencontres-evenements\/symposium-regional-2016\/#breadcrumb","itemListElement":[{"@type":"ListItem","position":1,"name":"Accueil","item":"https:\/\/gava.org\/fr\/"},{"@type":"ListItem","position":2,"name":"Rencontres &#038; \u00e9v\u00e9nements","item":"https:\/\/gava.org\/fr\/rencontres-evenements\/"},{"@type":"ListItem","position":3,"name":"Symposium r\u00e9gional : Suppl\u00e9mentation en vitamine A pour la survie de l&rsquo;enfant en Afrique Subsaharienne"}]},{"@type":"WebSite","@id":"https:\/\/gava.org\/#website","url":"https:\/\/gava.org\/","name":"The Global Alliance for Vitamin A (GAVA)","description":"The Global Alliance for Vitamin A (GAVA)","publisher":{"@id":"https:\/\/gava.org\/#organization"},"potentialAction":[{"@type":"SearchAction","target":{"@type":"EntryPoint","urlTemplate":"https:\/\/gava.org\/?s={search_term_string}"},"query-input":{"@type":"PropertyValueSpecification","valueRequired":true,"valueName":"search_term_string"}}],"inLanguage":"fr-FR"},{"@type":"Organization","@id":"https:\/\/gava.org\/#organization","name":"GAVA","url":"https:\/\/gava.org\/","logo":{"@type":"ImageObject","inLanguage":"fr-FR","@id":"https:\/\/gava.org\/#\/schema\/logo\/image\/","url":"https:\/\/gava.org\/content\/user_files\/2017\/03\/gava_logo.png","contentUrl":"https:\/\/gava.org\/content\/user_files\/2017\/03\/gava_logo.png","width":341,"height":160,"caption":"GAVA"},"image":{"@id":"https:\/\/gava.org\/#\/schema\/logo\/image\/"}}]}},"_links":{"self":[{"href":"https:\/\/gava.org\/fr\/wp-json\/wp\/v2\/pages\/526","targetHints":{"allow":["GET"]}}],"collection":[{"href":"https:\/\/gava.org\/fr\/wp-json\/wp\/v2\/pages"}],"about":[{"href":"https:\/\/gava.org\/fr\/wp-json\/wp\/v2\/types\/page"}],"author":[{"embeddable":true,"href":"https:\/\/gava.org\/fr\/wp-json\/wp\/v2\/users\/4"}],"replies":[{"embeddable":true,"href":"https:\/\/gava.org\/fr\/wp-json\/wp\/v2\/comments?post=526"}],"version-history":[{"count":6,"href":"https:\/\/gava.org\/fr\/wp-json\/wp\/v2\/pages\/526\/revisions"}],"predecessor-version":[{"id":658,"href":"https:\/\/gava.org\/fr\/wp-json\/wp\/v2\/pages\/526\/revisions\/658"}],"up":[{"embeddable":true,"href":"https:\/\/gava.org\/fr\/wp-json\/wp\/v2\/pages\/510"}],"wp:attachment":[{"href":"https:\/\/gava.org\/fr\/wp-json\/wp\/v2\/media?parent=526"}],"curies":[{"name":"wp","href":"https:\/\/api.w.org\/{rel}","templated":true}]}}