{"id":866,"date":"2020-06-22T16:45:22","date_gmt":"2020-06-22T20:45:22","guid":{"rendered":"https:\/\/gava.org\/?page_id=866"},"modified":"2021-05-07T15:58:35","modified_gmt":"2021-05-07T19:58:35","slug":"sva-covid-19","status":"publish","type":"page","link":"https:\/\/gava.org\/fr\/sva-covid-19\/","title":{"rendered":"SVA &#038; COVID-19"},"content":{"rendered":"<p>L&rsquo;Alliance mondiale pour la vitamine A (GAVA) et ses partenaires principaux ont d\u00e9velopp\u00e9 les ressources suivantes pour fournir aux pays des orientations programmatiques fond\u00e9es sur des donn\u00e9es probantes sur la fa\u00e7on de planifier et de mettre en \u0153uvre la SVA dans le cadre de la COVID-19. Ces ressources seront mises \u00e0 jour \u00e0 mesure que de nouvelles donn\u00e9es probantes sont publi\u00e9es et que la pand\u00e9mie de COVID-19 progresse.<\/p>\n<p>Les ressources de GAVA sur la SVA et la COVID-19 sont \u00e9galement disponibles en anglais &#8211; <a href=\"https:\/\/gava.org\/vas-covid-19\/\">cliquez ici pour \u00eatre redirig\u00e9 vers les ressources anglaises de GAVA<\/a>.<\/p>\n<p>&nbsp;<\/p>\n<div class=\"tableWrapper\">\n<table class=\"contentTable\" style=\"border-collapse: collapse;\" border=\"0\" width=\"900\">\n<tbody>\n<tr>\n<td style=\"width: 270px;\"><a href=\"https:\/\/gava.org\/fr\/sva-covid-19\/covid-19-webinaire-experiences-mondiales\"><img loading=\"lazy\" decoding=\"async\" class=\"alignnone wp-image-1245 size-medium\" src=\"https:\/\/gava.org\/content\/user_files\/2021\/03\/CE-webinar-thumbnail-FR-300x140.png\" alt=\"\" width=\"300\" height=\"140\" srcset=\"https:\/\/gava.org\/content\/user_files\/2021\/03\/CE-webinar-thumbnail-FR-300x140.png 300w, https:\/\/gava.org\/content\/user_files\/2021\/03\/CE-webinar-thumbnail-FR-1024x477.png 1024w, https:\/\/gava.org\/content\/user_files\/2021\/03\/CE-webinar-thumbnail-FR-768x357.png 768w, https:\/\/gava.org\/content\/user_files\/2021\/03\/CE-webinar-thumbnail-FR.png 1057w\" sizes=\"auto, (max-width: 300px) 100vw, 300px\" \/><\/a><\/td>\n<td style=\"width: 630px;\"><strong><a href=\"https:\/\/gava.org\/fr\/sva-covid-19\/covid-19-webinaire-experiences-mondiales\">Webinaire : Les exp\u00e9riences mondiales de mise en \u0153uvre de la SVA dans le contexte de la pand\u00e9mie de COVID-19<\/a><br \/>\n<\/strong>Le 24 f\u00e9vrier 2021, GAVA a tenu un webinaire pour mettre en lumi\u00e8re certaines approches innovantes utilis\u00e9es pour soutenir la distribution de suppl\u00e9ments de vitamine A dans le contexte de la COVID-19.<\/td>\n<\/tr>\n<tr style=\"height: 230px;\">\n<td style=\"width: 270px; height: 175px;\"><a href=\"https:\/\/gava.org\/fr\/sva-covid-19\/webinaire-sur-le-guide-operationnel-de-la-covid-19\/\"><img loading=\"lazy\" decoding=\"async\" class=\"alignnone wp-image-980 size-medium\" src=\"https:\/\/gava.org\/content\/user_files\/2020\/07\/Thumbnail-Webinar-FR-border-1-300x170.png\" alt=\"\" width=\"300\" height=\"170\" srcset=\"https:\/\/gava.org\/content\/user_files\/2020\/07\/Thumbnail-Webinar-FR-border-1-300x170.png 300w, https:\/\/gava.org\/content\/user_files\/2020\/07\/Thumbnail-Webinar-FR-border-1-1024x580.png 1024w, https:\/\/gava.org\/content\/user_files\/2020\/07\/Thumbnail-Webinar-FR-border-1-768x435.png 768w, https:\/\/gava.org\/content\/user_files\/2020\/07\/Thumbnail-Webinar-FR-border-1.png 1465w\" sizes=\"auto, (max-width: 300px) 100vw, 300px\" \/><\/a><\/td>\n<td style=\"width: 630px; height: 175px;\"><strong><a href=\"https:\/\/gava.org\/fr\/sva-covid-19\/webinaire-sur-le-guide-operationnel-de-la-covid-19\/\">Webinaire : Op\u00e9rationnaliser la suppl\u00e9mentation en vitamine A (SVA) dans le contexte de la COVID-19<\/a><br \/>\n<\/strong>GAVA a organis\u00e9 un webinaire le 9 juillet, 2020 pour examiner le guide op\u00e9rationnel sur l\u2019administration de la SVA dans le contexte de la COVID-19, et pour r\u00e9pondre aux questions des responsables de programmes et des personnels de terrain.<\/td>\n<\/tr>\n<tr style=\"height: 306px;\">\n<td style=\"width: 270px; height: 256px;\"><a href=\"https:\/\/gava.org\/content\/user_files\/2020\/04\/D%C3%A9claration-de-Consensus-GAVA-SVA-dans-le-contexte-du-COVID-19.pdf\"><img loading=\"lazy\" decoding=\"async\" class=\"alignnone wp-image-917\" src=\"https:\/\/gava.org\/content\/user_files\/2020\/06\/Thumbnail-Consensus-statement-FR-border-230x300.png\" alt=\"\" width=\"230\" height=\"300\" srcset=\"https:\/\/gava.org\/content\/user_files\/2020\/06\/Thumbnail-Consensus-statement-FR-border-230x300.png 230w, https:\/\/gava.org\/content\/user_files\/2020\/06\/Thumbnail-Consensus-statement-FR-border.png 625w\" sizes=\"auto, (max-width: 230px) 100vw, 230px\" \/><\/a><\/td>\n<td style=\"width: 630px; height: 256px;\" width=\"70%\"><strong><a href=\"https:\/\/gava.org\/content\/user_files\/2020\/04\/D%C3%A9claration-de-Consensus-GAVA-SVA-dans-le-contexte-du-COVID-19.pdf\">D\u00e9claration de consensus sur la suppl\u00e9mentation universelle en vitamine A pour les enfants d&rsquo;\u00e2ge pr\u00e9scolaire dans le contexte de la COVID-19<\/a><br \/>\n<\/strong>La d\u00e9claration de consensus de GAVA fournit des recommandations sur la SVA pour les enfants d&rsquo;\u00e2ge pr\u00e9scolaire \u00e0 travers des campagnes et des services de sant\u00e9 et de nutrition de routine pendant la pand\u00e9mie de COVID-19.<\/td>\n<\/tr>\n<tr style=\"height: 306px;\">\n<td style=\"width: 270px; height: 306px;\"><a href=\"https:\/\/gava.org\/content\/user_files\/2020\/06\/Orientations-Op%C3%A9rationnelles-GAVA-SVA-dans-le-contexte-du-COVID-19.pdf\"><img loading=\"lazy\" decoding=\"async\" class=\"alignnone wp-image-919 size-medium\" src=\"https:\/\/gava.org\/content\/user_files\/2020\/06\/Thumbnail-Op-Guidance-FR-border-211x300.png\" alt=\"\" width=\"211\" height=\"300\" srcset=\"https:\/\/gava.org\/content\/user_files\/2020\/06\/Thumbnail-Op-Guidance-FR-border-211x300.png 211w, https:\/\/gava.org\/content\/user_files\/2020\/06\/Thumbnail-Op-Guidance-FR-border.png 551w\" sizes=\"auto, (max-width: 211px) 100vw, 211px\" \/><\/a><\/td>\n<td style=\"width: 630px; height: 306px;\"><strong><a href=\"https:\/\/gava.org\/content\/user_files\/2020\/06\/Orientations-Op%C3%A9rationnelles-GAVA-SVA-dans-le-contexte-du-COVID-19.pdf\">Guide op\u00e9rationnel sur l\u2019administration de la SVA aux enfants d\u2019\u00e2ge pr\u00e9scolaire dans le contexte de la COVID-19<\/a><br \/>\n<\/strong>Ce document GAVA propose un guide complet sur les adaptations programmatiques recommand\u00e9es pour administrer la SVA aux enfants d\u2019\u00e2ge pr\u00e9scolaire et pour maintenir la continuit\u00e9 des services de SVA pendant la pand\u00e9mie de COVID-19. Il contient un guide pour aider les responsables de programmes \u00e0 se pr\u00e9parer \u00e0 organiser la fourniture de la SVA, ainsi que des instructions sur toutes les \u00e9tapes n\u00e9cessaires a une fourniture de la SVA de mani\u00e8re saine et sure, appropri\u00e9e pour la pr\u00e9vention de la contamination et les mesures de contr\u00f4le de la pand\u00e9mie.<\/td>\n<\/tr>\n<tr style=\"height: 24px;\">\n<td style=\"width: 270px; height: 24px;\"><a href=\"https:\/\/gava.org\/content\/user_files\/2020\/09\/GAVA-Brief-Decision-making-regarding-VAS-campaigns-during-COVID-19-FR.pdf\"><img loading=\"lazy\" decoding=\"async\" class=\"alignnone wp-image-1079 size-medium\" src=\"https:\/\/gava.org\/content\/user_files\/2020\/09\/DMF-FR-border-230x300.png\" alt=\"\" width=\"230\" height=\"300\" srcset=\"https:\/\/gava.org\/content\/user_files\/2020\/09\/DMF-FR-border-230x300.png 230w, https:\/\/gava.org\/content\/user_files\/2020\/09\/DMF-FR-border-786x1024.png 786w, https:\/\/gava.org\/content\/user_files\/2020\/09\/DMF-FR-border-768x1000.png 768w, https:\/\/gava.org\/content\/user_files\/2020\/09\/DMF-FR-border.png 794w\" sizes=\"auto, (max-width: 230px) 100vw, 230px\" \/><\/a><\/td>\n<td style=\"width: 630px; height: 24px;\"><strong><a href=\"https:\/\/gava.org\/content\/user_files\/2020\/09\/GAVA-Brief-Decision-making-regarding-VAS-campaigns-during-COVID-19-FR.pdf\">Mise en \u0153uvre de campagnes de suppl\u00e9mentation en vitamine A dans le contexte de la COVID-19 : cadre de d\u00e9cision<\/a><br \/>\n<\/strong>Les pays aux prises avec ce triple fardeau \u2013 la CVA constitue un probl\u00e8me de sant\u00e9 publique, ils affichent des taux \u00e9lev\u00e9s de mortalit\u00e9 chez les moins de cinq ans, et on y observe \u00e9galement des \u00e9pid\u00e9mies de COVID-19 \u2013 tentent de trouver le juste \u00e9quilibre entre pr\u00e9venir la propagation de la COVID-19 et minimiser les perturbations de la prestation de SVA. GAVA a mis au point un cadre d\u00e9cisionnel et sugg\u00e8re un processus d\u2019analyse risques-avantages pour aider les pays qui administraient la SVA par le biais de campagnes \u00e0 d\u00e9cider de la meilleure mani\u00e8re de proc\u00e9der pour administrer la SVA pendant la pand\u00e9mie de COVID-19.<\/td>\n<\/tr>\n<tr style=\"height: 169px;\">\n<td style=\"width: 270px; height: 169px;\"><a href=\"https:\/\/gava.org\/fr\/sva-covid-19\/sva-covid-faq\/\"><img loading=\"lazy\" decoding=\"async\" class=\"alignnone wp-image-1174 size-medium\" src=\"https:\/\/gava.org\/content\/user_files\/2020\/10\/FAQ-image-border-300x183.jpg\" alt=\"\" width=\"300\" height=\"183\" srcset=\"https:\/\/gava.org\/content\/user_files\/2020\/10\/FAQ-image-border-300x183.jpg 300w, https:\/\/gava.org\/content\/user_files\/2020\/10\/FAQ-image-border.jpg 566w\" sizes=\"auto, (max-width: 300px) 100vw, 300px\" \/><\/a><\/td>\n<td style=\"width: 630px; height: 169px;\"><strong><a href=\"https:\/\/gava.org\/fr\/sva-covid-19\/sva-covid-faq\/\">Foire aux Questions (FAQ)<\/a><br \/>\n<\/strong>La pr\u00e9sente foire aux questions a pour objet de compl\u00e9ter les ressources publi\u00e9es par l\u2019alliance GAVA en ce qui concerne la suppl\u00e9mentation en vitamine A (SVA) dans le contexte de la pand\u00e9mie de COVID-19.<\/td>\n<\/tr>\n<tr style=\"height: 209px;\">\n<td style=\"width: 270px; height: 209px;\"><a href=\"https:\/\/gava.org\/fr\/sva-covid-19\/outils-de-travail-visuels\/\"><img loading=\"lazy\" decoding=\"async\" class=\"alignnone wp-image-1171 size-medium\" src=\"https:\/\/gava.org\/content\/user_files\/2020\/10\/video-thumbnail-2-300x228.jpg\" alt=\"\" width=\"300\" height=\"228\" srcset=\"https:\/\/gava.org\/content\/user_files\/2020\/10\/video-thumbnail-2-300x228.jpg 300w, https:\/\/gava.org\/content\/user_files\/2020\/10\/video-thumbnail-2-1024x780.jpg 1024w, https:\/\/gava.org\/content\/user_files\/2020\/10\/video-thumbnail-2-768x585.jpg 768w, https:\/\/gava.org\/content\/user_files\/2020\/10\/video-thumbnail-2-1536x1170.jpg 1536w, https:\/\/gava.org\/content\/user_files\/2020\/10\/video-thumbnail-2-2048x1559.jpg 2048w\" sizes=\"auto, (max-width: 300px) 100vw, 300px\" \/><\/a><\/td>\n<td style=\"width: 630px; height: 209px;\"><strong><a href=\"https:\/\/gava.org\/fr\/sva-covid-19\/outils-de-travail-visuels\/\">Outils de travail visuels<\/a><br \/>\n<\/strong>GAVA a con\u00e7u trois outils de travail visuels pour les agents de sant\u00e9 de premi\u00e8re ligne qui ont d\u00e9j\u00e0 re\u00e7u la formation sur l\u2019administration s\u00e9curitaire de la SVA dans le contexte de la pand\u00e9mie de COVID-19.<\/td>\n<\/tr>\n<\/tbody>\n<\/table>\n<\/div>\n<p>&nbsp;<\/p>\n","protected":false},"excerpt":{"rendered":"<p>L&rsquo;Alliance mondiale pour la vitamine A (GAVA) et ses partenaires principaux ont d\u00e9velopp\u00e9 les ressources suivantes pour fournir aux pays des orientations programmatiques fond\u00e9es sur des donn\u00e9es probantes sur la fa\u00e7on de planifier et de mettre en \u0153uvre la SVA dans le cadre de la COVID-19. Ces ressources seront mises \u00e0 jour \u00e0 mesure que [&hellip;]<\/p>\n","protected":false},"author":4,"featured_media":0,"parent":0,"menu_order":0,"comment_status":"closed","ping_status":"closed","template":"","meta":{"footnotes":""},"class_list":["post-866","page","type-page","status-publish","hentry"],"yoast_head":"<!-- This site is optimized with the Yoast SEO plugin v27.3 - https:\/\/yoast.com\/product\/yoast-seo-wordpress\/ -->\n<title>SVA &amp; COVID-19 - The Global Alliance for Vitamin A (GAVA)<\/title>\n<meta name=\"robots\" content=\"index, follow, max-snippet:-1, max-image-preview:large, max-video-preview:-1\" \/>\n<link rel=\"canonical\" href=\"https:\/\/gava.org\/fr\/sva-covid-19\/\" \/>\n<meta property=\"og:locale\" content=\"fr_FR\" \/>\n<meta property=\"og:type\" content=\"article\" \/>\n<meta property=\"og:title\" content=\"SVA &amp; COVID-19 - The Global Alliance for Vitamin A (GAVA)\" \/>\n<meta property=\"og:description\" content=\"L&rsquo;Alliance mondiale pour la vitamine A (GAVA) et ses partenaires principaux ont d\u00e9velopp\u00e9 les ressources suivantes pour fournir aux pays des orientations programmatiques fond\u00e9es sur des donn\u00e9es probantes sur la fa\u00e7on de planifier et de mettre en \u0153uvre la SVA dans le cadre de la COVID-19. Ces ressources seront mises \u00e0 jour \u00e0 mesure que [&hellip;]\" \/>\n<meta property=\"og:url\" content=\"https:\/\/gava.org\/fr\/sva-covid-19\/\" \/>\n<meta property=\"og:site_name\" content=\"The Global Alliance for Vitamin A (GAVA)\" \/>\n<meta property=\"article:modified_time\" content=\"2021-05-07T19:58:35+00:00\" \/>\n<meta property=\"og:image\" content=\"https:\/\/gava.org\/content\/user_files\/2021\/03\/CE-webinar-thumbnail-FR-300x140.png\" \/>\n<meta name=\"twitter:card\" content=\"summary_large_image\" \/>\n<meta name=\"twitter:label1\" content=\"Dur\u00e9e de lecture estim\u00e9e\" \/>\n\t<meta name=\"twitter:data1\" content=\"4 minutes\" \/>\n<script type=\"application\/ld+json\" class=\"yoast-schema-graph\">{\"@context\":\"https:\\\/\\\/schema.org\",\"@graph\":[{\"@type\":\"WebPage\",\"@id\":\"https:\\\/\\\/gava.org\\\/fr\\\/sva-covid-19\\\/\",\"url\":\"https:\\\/\\\/gava.org\\\/fr\\\/sva-covid-19\\\/\",\"name\":\"SVA & COVID-19 - The Global Alliance for Vitamin A (GAVA)\",\"isPartOf\":{\"@id\":\"https:\\\/\\\/gava.org\\\/#website\"},\"primaryImageOfPage\":{\"@id\":\"https:\\\/\\\/gava.org\\\/fr\\\/sva-covid-19\\\/#primaryimage\"},\"image\":{\"@id\":\"https:\\\/\\\/gava.org\\\/fr\\\/sva-covid-19\\\/#primaryimage\"},\"thumbnailUrl\":\"https:\\\/\\\/gava.org\\\/content\\\/user_files\\\/2021\\\/03\\\/CE-webinar-thumbnail-FR-300x140.png\",\"datePublished\":\"2020-06-22T20:45:22+00:00\",\"dateModified\":\"2021-05-07T19:58:35+00:00\",\"breadcrumb\":{\"@id\":\"https:\\\/\\\/gava.org\\\/fr\\\/sva-covid-19\\\/#breadcrumb\"},\"inLanguage\":\"fr-FR\",\"potentialAction\":[{\"@type\":\"ReadAction\",\"target\":[\"https:\\\/\\\/gava.org\\\/fr\\\/sva-covid-19\\\/\"]}]},{\"@type\":\"ImageObject\",\"inLanguage\":\"fr-FR\",\"@id\":\"https:\\\/\\\/gava.org\\\/fr\\\/sva-covid-19\\\/#primaryimage\",\"url\":\"https:\\\/\\\/gava.org\\\/content\\\/user_files\\\/2021\\\/03\\\/CE-webinar-thumbnail-FR-300x140.png\",\"contentUrl\":\"https:\\\/\\\/gava.org\\\/content\\\/user_files\\\/2021\\\/03\\\/CE-webinar-thumbnail-FR-300x140.png\"},{\"@type\":\"BreadcrumbList\",\"@id\":\"https:\\\/\\\/gava.org\\\/fr\\\/sva-covid-19\\\/#breadcrumb\",\"itemListElement\":[{\"@type\":\"ListItem\",\"position\":1,\"name\":\"Accueil\",\"item\":\"https:\\\/\\\/gava.org\\\/fr\\\/\"},{\"@type\":\"ListItem\",\"position\":2,\"name\":\"SVA &#038; COVID-19\"}]},{\"@type\":\"WebSite\",\"@id\":\"https:\\\/\\\/gava.org\\\/#website\",\"url\":\"https:\\\/\\\/gava.org\\\/\",\"name\":\"The Global Alliance for Vitamin A (GAVA)\",\"description\":\"The Global Alliance for Vitamin A (GAVA)\",\"publisher\":{\"@id\":\"https:\\\/\\\/gava.org\\\/#organization\"},\"potentialAction\":[{\"@type\":\"SearchAction\",\"target\":{\"@type\":\"EntryPoint\",\"urlTemplate\":\"https:\\\/\\\/gava.org\\\/?s={search_term_string}\"},\"query-input\":{\"@type\":\"PropertyValueSpecification\",\"valueRequired\":true,\"valueName\":\"search_term_string\"}}],\"inLanguage\":\"fr-FR\"},{\"@type\":\"Organization\",\"@id\":\"https:\\\/\\\/gava.org\\\/#organization\",\"name\":\"GAVA\",\"url\":\"https:\\\/\\\/gava.org\\\/\",\"logo\":{\"@type\":\"ImageObject\",\"inLanguage\":\"fr-FR\",\"@id\":\"https:\\\/\\\/gava.org\\\/#\\\/schema\\\/logo\\\/image\\\/\",\"url\":\"https:\\\/\\\/gava.org\\\/content\\\/user_files\\\/2017\\\/03\\\/gava_logo.png\",\"contentUrl\":\"https:\\\/\\\/gava.org\\\/content\\\/user_files\\\/2017\\\/03\\\/gava_logo.png\",\"width\":341,\"height\":160,\"caption\":\"GAVA\"},\"image\":{\"@id\":\"https:\\\/\\\/gava.org\\\/#\\\/schema\\\/logo\\\/image\\\/\"}}]}<\/script>\n<!-- \/ Yoast SEO plugin. -->","yoast_head_json":{"title":"SVA & COVID-19 - The Global Alliance for Vitamin A (GAVA)","robots":{"index":"index","follow":"follow","max-snippet":"max-snippet:-1","max-image-preview":"max-image-preview:large","max-video-preview":"max-video-preview:-1"},"canonical":"https:\/\/gava.org\/fr\/sva-covid-19\/","og_locale":"fr_FR","og_type":"article","og_title":"SVA & COVID-19 - The Global Alliance for Vitamin A (GAVA)","og_description":"L&rsquo;Alliance mondiale pour la vitamine A (GAVA) et ses partenaires principaux ont d\u00e9velopp\u00e9 les ressources suivantes pour fournir aux pays des orientations programmatiques fond\u00e9es sur des donn\u00e9es probantes sur la fa\u00e7on de planifier et de mettre en \u0153uvre la SVA dans le cadre de la COVID-19. Ces ressources seront mises \u00e0 jour \u00e0 mesure que [&hellip;]","og_url":"https:\/\/gava.org\/fr\/sva-covid-19\/","og_site_name":"The Global Alliance for Vitamin A (GAVA)","article_modified_time":"2021-05-07T19:58:35+00:00","og_image":[{"url":"https:\/\/gava.org\/content\/user_files\/2021\/03\/CE-webinar-thumbnail-FR-300x140.png","type":"","width":"","height":""}],"twitter_card":"summary_large_image","twitter_misc":{"Dur\u00e9e de lecture estim\u00e9e":"4 minutes"},"schema":{"@context":"https:\/\/schema.org","@graph":[{"@type":"WebPage","@id":"https:\/\/gava.org\/fr\/sva-covid-19\/","url":"https:\/\/gava.org\/fr\/sva-covid-19\/","name":"SVA & COVID-19 - The Global Alliance for Vitamin A (GAVA)","isPartOf":{"@id":"https:\/\/gava.org\/#website"},"primaryImageOfPage":{"@id":"https:\/\/gava.org\/fr\/sva-covid-19\/#primaryimage"},"image":{"@id":"https:\/\/gava.org\/fr\/sva-covid-19\/#primaryimage"},"thumbnailUrl":"https:\/\/gava.org\/content\/user_files\/2021\/03\/CE-webinar-thumbnail-FR-300x140.png","datePublished":"2020-06-22T20:45:22+00:00","dateModified":"2021-05-07T19:58:35+00:00","breadcrumb":{"@id":"https:\/\/gava.org\/fr\/sva-covid-19\/#breadcrumb"},"inLanguage":"fr-FR","potentialAction":[{"@type":"ReadAction","target":["https:\/\/gava.org\/fr\/sva-covid-19\/"]}]},{"@type":"ImageObject","inLanguage":"fr-FR","@id":"https:\/\/gava.org\/fr\/sva-covid-19\/#primaryimage","url":"https:\/\/gava.org\/content\/user_files\/2021\/03\/CE-webinar-thumbnail-FR-300x140.png","contentUrl":"https:\/\/gava.org\/content\/user_files\/2021\/03\/CE-webinar-thumbnail-FR-300x140.png"},{"@type":"BreadcrumbList","@id":"https:\/\/gava.org\/fr\/sva-covid-19\/#breadcrumb","itemListElement":[{"@type":"ListItem","position":1,"name":"Accueil","item":"https:\/\/gava.org\/fr\/"},{"@type":"ListItem","position":2,"name":"SVA &#038; COVID-19"}]},{"@type":"WebSite","@id":"https:\/\/gava.org\/#website","url":"https:\/\/gava.org\/","name":"The Global Alliance for Vitamin A (GAVA)","description":"The Global Alliance for Vitamin A (GAVA)","publisher":{"@id":"https:\/\/gava.org\/#organization"},"potentialAction":[{"@type":"SearchAction","target":{"@type":"EntryPoint","urlTemplate":"https:\/\/gava.org\/?s={search_term_string}"},"query-input":{"@type":"PropertyValueSpecification","valueRequired":true,"valueName":"search_term_string"}}],"inLanguage":"fr-FR"},{"@type":"Organization","@id":"https:\/\/gava.org\/#organization","name":"GAVA","url":"https:\/\/gava.org\/","logo":{"@type":"ImageObject","inLanguage":"fr-FR","@id":"https:\/\/gava.org\/#\/schema\/logo\/image\/","url":"https:\/\/gava.org\/content\/user_files\/2017\/03\/gava_logo.png","contentUrl":"https:\/\/gava.org\/content\/user_files\/2017\/03\/gava_logo.png","width":341,"height":160,"caption":"GAVA"},"image":{"@id":"https:\/\/gava.org\/#\/schema\/logo\/image\/"}}]}},"_links":{"self":[{"href":"https:\/\/gava.org\/fr\/wp-json\/wp\/v2\/pages\/866","targetHints":{"allow":["GET"]}}],"collection":[{"href":"https:\/\/gava.org\/fr\/wp-json\/wp\/v2\/pages"}],"about":[{"href":"https:\/\/gava.org\/fr\/wp-json\/wp\/v2\/types\/page"}],"author":[{"embeddable":true,"href":"https:\/\/gava.org\/fr\/wp-json\/wp\/v2\/users\/4"}],"replies":[{"embeddable":true,"href":"https:\/\/gava.org\/fr\/wp-json\/wp\/v2\/comments?post=866"}],"version-history":[{"count":38,"href":"https:\/\/gava.org\/fr\/wp-json\/wp\/v2\/pages\/866\/revisions"}],"predecessor-version":[{"id":1258,"href":"https:\/\/gava.org\/fr\/wp-json\/wp\/v2\/pages\/866\/revisions\/1258"}],"wp:attachment":[{"href":"https:\/\/gava.org\/fr\/wp-json\/wp\/v2\/media?parent=866"}],"curies":[{"name":"wp","href":"https:\/\/api.w.org\/{rel}","templated":true}]}}